{"id":827,"date":"2023-11-09T21:36:27","date_gmt":"2023-11-09T20:36:27","guid":{"rendered":"https:\/\/test.menoua-germany.com\/?page_id=827"},"modified":"2023-11-15T16:50:12","modified_gmt":"2023-11-15T15:50:12","slug":"developpement","status":"publish","type":"page","link":"https:\/\/menoua-germany.com\/de\/developpement","title":{"rendered":"Entwicklung"},"content":{"rendered":"<div data-elementor-type=\"wp-page\" data-elementor-id=\"827\" class=\"elementor elementor-827\">\n\t\t\t\t<div class=\"elementor-element elementor-element-150a830 e-flex e-con-boxed e-con e-parent\" data-id=\"150a830\" data-element_type=\"container\" data-e-type=\"container\">\n\t\t\t\t\t<div class=\"e-con-inner\">\n\t\t\t\t<div class=\"elementor-element elementor-element-b34c452 elementor-drop-cap-yes elementor-drop-cap-view-default elementor-widget elementor-widget-text-editor\" data-id=\"b34c452\" data-element_type=\"widget\" data-e-type=\"widget\" data-settings=\"{&quot;drop_cap&quot;:&quot;yes&quot;}\" data-widget_type=\"text-editor.default\">\n\t\t\t\t<div class=\"elementor-widget-container\">\n\t\t\t\t\t\t\t\t\t<p>La Menoua Community in Germany e.V. (MCG e.V.) dans son programme d&rsquo;Aide et de D\u00e9veloppement dans la Menoua, en particulier, se rejouit de parler de ses actions men\u00e9es jusqu&rsquo;ici depuis sa cr\u00e9ation en 2011 \u00e0 Mannheim en Allemagne.<\/p><p>Les dons que font la MCG e.V. s&rsquo;\u00e9talent du b\u00e9nevolat de certains de ses membres en particulier jusqu&rsquo;\u00e0 des cotisations annuelles faites pour le financement de programmes de d\u00e9veloppement. Ce programme est r\u00e9gi par un document interne \u00e0 la MCG e.V. et appliqu\u00e9 par la commission d\u00e9veloppement en accord avec le bureau ex\u00e9cutif.<\/p><p>Le programme de Don a d\u00e9but\u00e9 en 2019 et le bureau ex\u00e9cutif est particuli\u00e8rement \u00e9mu par ses membres chaque ann\u00e9e font activement un don afin que des groupements dans la Menoua beneficient de cette action loubale. Sur cette Base nous vous souhaitons d\u00e9j\u00e0 la BIENVENUE parmi nous!<\/p><p><strong>Venez et tenons nous la main, afin de faire avancer notre tr\u00e8s chers D\u00e9partement. La MCG e.V. vous presente avec beaucoup de plaisir les r\u00e9alisations jusqu&rsquo;ici men\u00e9es!!<\/strong><\/p><p>Dans sa rubrique <a href=\"https:\/\/test.menoua-germany.com\/histoire\">histoire<\/a>, nous nous ferons un plaisir de vous pr\u00e9senter les r\u00e9alisations de notre association.\u00a0<\/p>\t\t\t\t\t\t\t\t<\/div>\n\t\t\t\t<\/div>\n\t\t\t\t\t<\/div>\n\t\t\t\t<\/div>\n\t\t\t\t<\/div>","protected":false},"excerpt":{"rendered":"<p>La Menoua Community in Germany e.V. (MCG e.V.) dans son programme d&rsquo;Aide et de D\u00e9veloppement dans la Menoua, en particulier, se rejouit de parler de ses actions men\u00e9es jusqu&rsquo;ici depuis sa cr\u00e9ation en 2011 \u00e0 Mannheim en Allemagne. Les dons que font la MCG e.V. s&rsquo;\u00e9talent du b\u00e9nevolat de certains [&hellip;]<\/p>\n","protected":false},"author":1,"featured_media":0,"parent":0,"menu_order":0,"comment_status":"closed","ping_status":"closed","template":"","meta":{"_themeisle_gutenberg_block_has_review":false,"footnotes":""},"class_list":["post-827","page","type-page","status-publish","hentry"],"_links":{"self":[{"href":"https:\/\/menoua-germany.com\/de\/wp-json\/wp\/v2\/pages\/827","targetHints":{"allow":["GET"]}}],"collection":[{"href":"https:\/\/menoua-germany.com\/de\/wp-json\/wp\/v2\/pages"}],"about":[{"href":"https:\/\/menoua-germany.com\/de\/wp-json\/wp\/v2\/types\/page"}],"author":[{"embeddable":true,"href":"https:\/\/menoua-germany.com\/de\/wp-json\/wp\/v2\/users\/1"}],"replies":[{"embeddable":true,"href":"https:\/\/menoua-germany.com\/de\/wp-json\/wp\/v2\/comments?post=827"}],"version-history":[{"count":16,"href":"https:\/\/menoua-germany.com\/de\/wp-json\/wp\/v2\/pages\/827\/revisions"}],"predecessor-version":[{"id":985,"href":"https:\/\/menoua-germany.com\/de\/wp-json\/wp\/v2\/pages\/827\/revisions\/985"}],"wp:attachment":[{"href":"https:\/\/menoua-germany.com\/de\/wp-json\/wp\/v2\/media?parent=827"}],"curies":[{"name":"wp","href":"https:\/\/api.w.org\/{rel}","templated":true}]}}