{"id":651,"date":"2023-10-27T11:32:08","date_gmt":"2023-10-27T10:32:08","guid":{"rendered":"https:\/\/test.menoua-germany.com\/events"},"modified":"2026-02-24T12:57:59","modified_gmt":"2026-02-24T11:57:59","slug":"events","status":"publish","type":"page","link":"https:\/\/menoua-germany.com\/de\/events","title":{"rendered":"Aktivit\u00e4ten"},"content":{"rendered":"\t\t<div data-elementor-type=\"wp-page\" data-elementor-id=\"651\" class=\"elementor elementor-651\">\n\t\t\t\t<div class=\"elementor-element elementor-element-16a30af0 e-flex e-con-boxed e-con e-parent\" data-id=\"16a30af0\" data-element_type=\"container\" data-e-type=\"container\">\n\t\t\t\t\t<div class=\"e-con-inner\">\n\t\t\t\t<div class=\"elementor-element elementor-element-2cd4f224 elementor-widget elementor-widget-shortcode\" data-id=\"2cd4f224\" data-element_type=\"widget\" data-e-type=\"widget\" data-widget_type=\"shortcode.default\">\n\t\t\t\t<div class=\"elementor-widget-container\">\n\t\t\t\t\t\t\t<div class=\"elementor-shortcode\"><div class=\"emagic\">\r\n        <input type=\"hidden\" id=\"ep-events-style\" value=\"month\"\/> \r\n    <div class=\"ep-events-container ep-box-wrap ep-month-view ep-my-4\" id=\"ep-events-container\">\r\n                \r\n        \r\n        <div id=\"ep-events-content-container\" class=\"ep-mt-4\">                <div class=\"ep-events ep-box-row ep-event-list-month-container  ep_events_front_views_month_970\" id=\"ep_events_front_views_month\" data-section_id=\"970\">\r\n                    \r\n<div id=\"ep_event_calendar\" class=\"ep-mb-5 ep-box-col-12\"><\/div>\r\n <!-- Event type swatches -->\r\n <div class=\"ep-event-types ep-d-flex ep-flex-wrap\">\r\n                <div class=\"ep-event-type ep-event-type ep-mr-2 ep-border ep-p-2 ep-rounded-1 ep-lh-0 ep-di-flex ep-align-items-center ep-mb-2 ep-bg-white\">\r\n                                <a class=\"ep-outline-width-0\" href=\"https:\/\/menoua-germany.com\/de\/events\/event-types?event_type=23\">Assembl\u00e9e G\u00e9n\u00e9rale<\/a>                    <span style=\"background-color:#F79646\" class=\"ep-ml-1\"><\/span>            <\/div>            <div class=\"ep-event-type ep-event-type ep-mr-2 ep-border ep-p-2 ep-rounded-1 ep-lh-0 ep-di-flex ep-align-items-center ep-mb-2 ep-bg-white\">\r\n                                <a class=\"ep-outline-width-0\" href=\"https:\/\/menoua-germany.com\/de\/events\/event-types?event_type=24\">Assembl\u00e9e R\u00e9gionale<\/a>                    <span style=\"background-color:#365A6E\" class=\"ep-ml-1\"><\/span>            <\/div>            <div class=\"ep-event-type ep-event-type ep-mr-2 ep-border ep-p-2 ep-rounded-1 ep-lh-0 ep-di-flex ep-align-items-center ep-mb-2 ep-bg-white\">\r\n                                <a class=\"ep-outline-width-0\" href=\"https:\/\/menoua-germany.com\/de\/events\/event-types?event_type=26\">Cours de Langue<\/a>                    <span style=\"background-color:#2271B1\" class=\"ep-ml-1\"><\/span>            <\/div>            <div class=\"ep-event-type ep-event-type ep-mr-2 ep-border ep-p-2 ep-rounded-1 ep-lh-0 ep-di-flex ep-align-items-center ep-mb-2 ep-bg-white\">\r\n                                <a class=\"ep-outline-width-0\" href=\"https:\/\/menoua-germany.com\/de\/events\/event-types?event_type=33\">Podium Discussion<\/a>            <\/div>  \r\n<\/div>      \r\n<!-- Swatches ends here -->                <\/div>\r\n                                <\/div>\r\n            <\/div><\/div><\/div>\n\t\t\t\t\t\t<\/div>\n\t\t\t\t<\/div>\n\t\t\t\t\t<\/div>\n\t\t\t\t<\/div>\n\t\t<div class=\"elementor-element elementor-element-4ec6fe3 e-flex e-con-boxed e-con e-parent\" data-id=\"4ec6fe3\" data-element_type=\"container\" data-e-type=\"container\">\n\t\t\t\t\t<div class=\"e-con-inner\">\n\t\t\t\t<div class=\"elementor-element elementor-element-e06d324 elementor-widget elementor-widget-html\" data-id=\"e06d324\" data-element_type=\"widget\" data-e-type=\"widget\" data-widget_type=\"html.default\">\n\t\t\t\t<div class=\"elementor-widget-container\">\n\t\t\t\t\t<script>\n    if(document.readyState) {\n\n        const yembaWeekdays = [\"efa\u2019\u00e1\", \"Njh\u0289\u03b5l\u0101\", \"\u014bg\u00e1\u014b\", \"mbu\u0254\u014bw\u0101\", \"mbuol\u03cc\", \"Met\u00e1\", \"Mbu\u0254\u014bkh\u016b\", \"Mbuoc\u016b\"];\n\n        function getDayLabelInYemba(day) {\n            const absReferenceDay = new Date(2023, 9, 1);\n\n            const diffTime = Math.abs(day.getTime() - absReferenceDay.getTime()); \n            const diffDays = Math.floor(diffTime \/ (1000 * 60 * 60 * 24)); \n            const dayOfWeek = diffDays % 8;\n\n            return yembaWeekdays[dayOfWeek];\n        }\n\n        const calendar = document.getElementById('ep_event_calendar');\n        calendar.getElementsByTagName('td');\n        const dayElements = calendar.getElementsByTagName('td');\n\n        for(i = 1; i < dayElements.length; i++){\n            const dayElement = dayElements[i];\n            \n            const weekDayName = getDayLabelInYemba(new Date(dayElement.attributes.getNamedItem('data-date').value));\n            const label = document.createElement('span');\n            label.textContent = weekDayName;\n\n            const dayHeader = dayElement.getElementsByClassName('fc-daygrid-day-top')\n            dayHeader[0].appendChild(label);\n        }\n    }\n<\/script>\t\t\t\t<\/div>\n\t\t\t\t<\/div>\n\t\t\t\t\t<\/div>\n\t\t\t\t<\/div>\n\t\t\t\t<\/div>\n\t\t","protected":false},"excerpt":{"rendered":"","protected":false},"author":1,"featured_media":0,"parent":0,"menu_order":0,"comment_status":"closed","ping_status":"closed","template":"","meta":{"_themeisle_gutenberg_block_has_review":false,"footnotes":""},"class_list":["post-651","page","type-page","status-publish","hentry"],"_links":{"self":[{"href":"https:\/\/menoua-germany.com\/de\/wp-json\/wp\/v2\/pages\/651","targetHints":{"allow":["GET"]}}],"collection":[{"href":"https:\/\/menoua-germany.com\/de\/wp-json\/wp\/v2\/pages"}],"about":[{"href":"https:\/\/menoua-germany.com\/de\/wp-json\/wp\/v2\/types\/page"}],"author":[{"embeddable":true,"href":"https:\/\/menoua-germany.com\/de\/wp-json\/wp\/v2\/users\/1"}],"replies":[{"embeddable":true,"href":"https:\/\/menoua-germany.com\/de\/wp-json\/wp\/v2\/comments?post=651"}],"version-history":[{"count":42,"href":"https:\/\/menoua-germany.com\/de\/wp-json\/wp\/v2\/pages\/651\/revisions"}],"predecessor-version":[{"id":9581,"href":"https:\/\/menoua-germany.com\/de\/wp-json\/wp\/v2\/pages\/651\/revisions\/9581"}],"wp:attachment":[{"href":"https:\/\/menoua-germany.com\/de\/wp-json\/wp\/v2\/media?parent=651"}],"curies":[{"name":"wp","href":"https:\/\/api.w.org\/{rel}","templated":true}]}}