{"id":632,"date":"2023-10-27T11:12:08","date_gmt":"2023-10-27T11:12:08","guid":{"rendered":"https:\/\/test.menoua-germany.com\/?page_id=632"},"modified":"2026-02-26T16:33:58","modified_gmt":"2026-02-26T15:33:58","slug":"bureau-executif","status":"publish","type":"page","link":"https:\/\/menoua-germany.com\/de\/mcg-e-v\/bureau-executif","title":{"rendered":"Vorstand"},"content":{"rendered":"<div data-elementor-type=\"wp-page\" data-elementor-id=\"632\" class=\"elementor elementor-632\">\n\t\t\t\t<div class=\"elementor-element elementor-element-067c42c e-flex e-con-boxed e-con e-parent\" data-id=\"067c42c\" data-element_type=\"container\" data-e-type=\"container\">\n\t\t\t\t\t<div class=\"e-con-inner\">\n\t\t\t\t<div class=\"elementor-element elementor-element-86c1289 elementor-widget elementor-widget-heading\" data-id=\"86c1289\" data-element_type=\"widget\" data-e-type=\"widget\" data-widget_type=\"heading.default\">\n\t\t\t\t<div class=\"elementor-widget-container\">\n\t\t\t\t\t<h2 class=\"elementor-heading-title elementor-size-default\">Vorstand<\/h2>\t\t\t\t<\/div>\n\t\t\t\t<\/div>\n\t\t\t\t<div class=\"elementor-element elementor-element-c4ebbc4 elementor-widget elementor-widget-text-editor\" data-id=\"c4ebbc4\" data-element_type=\"widget\" data-e-type=\"widget\" data-widget_type=\"text-editor.default\">\n\t\t\t\t<div class=\"elementor-widget-container\">\n\t\t\t\t\t\t\t\t\t<h5 class=\"description\" style=\"margin-top: 10px; margin-bottom: 70px; font-size: 18px; text-align: center;\">Organe central de la Menoua Community in Germany e.V., il est \u00e9lu pour un mandat de deux (2) ans renouvelable, ceci lors d&rsquo;une de ses assembl\u00e9es g\u00e9n\u00e9rales (A.G.). Il a pour objectif principal d&rsquo;organiser la vie de la MCG e.V. \u00e0 travers ses membres et ses commissions.<\/h5>\t\t\t\t\t\t\t\t<\/div>\n\t\t\t\t<\/div>\n\t\t\t\t\t<\/div>\n\t\t\t\t<\/div>\n\t\t<div class=\"elementor-element elementor-element-f6886f5 e-con-full e-flex e-con e-parent\" data-id=\"f6886f5\" data-element_type=\"container\" data-e-type=\"container\">\n\t\t<div class=\"elementor-element elementor-element-330fae0 e-con-full e-flex e-con e-child\" data-id=\"330fae0\" data-element_type=\"container\" data-e-type=\"container\">\n\t\t\t\t<div class=\"elementor-element elementor-element-f4a007b elementor-widget elementor-widget-image\" data-id=\"f4a007b\" data-element_type=\"widget\" data-e-type=\"widget\" data-widget_type=\"image.default\">\n\t\t\t\t<div class=\"elementor-widget-container\">\n\t\t\t\t\t\t\t\t\t\t\t\t\t\t\t<img fetchpriority=\"high\" decoding=\"async\" width=\"255\" height=\"255\" src=\"https:\/\/menoua-germany.com\/wp-content\/uploads\/2023\/10\/Dupleix.png\" class=\"attachment-large size-large wp-image-534\" alt=\"\" srcset=\"https:\/\/menoua-germany.com\/wp-content\/uploads\/2023\/10\/Dupleix.png 255w, https:\/\/menoua-germany.com\/wp-content\/uploads\/2023\/10\/Dupleix-150x150.png 150w, https:\/\/menoua-germany.com\/wp-content\/uploads\/2023\/10\/Dupleix-12x12.png 12w\" sizes=\"(max-width: 255px) 100vw, 255px\" \/>\t\t\t\t\t\t\t\t\t\t\t\t\t\t\t<\/div>\n\t\t\t\t<\/div>\n\t\t\t\t<\/div>\n\t\t<div class=\"elementor-element elementor-element-940906a e-con-full e-flex e-con e-child\" data-id=\"940906a\" data-element_type=\"container\" data-e-type=\"container\">\n\t\t\t\t<div class=\"elementor-element elementor-element-eb379d8 elementor-widget elementor-widget-heading\" data-id=\"eb379d8\" data-element_type=\"widget\" data-e-type=\"widget\" data-widget_type=\"heading.default\">\n\t\t\t\t<div class=\"elementor-widget-container\">\n\t\t\t\t\t<h5 class=\"elementor-heading-title elementor-size-medium\">Dupleix A. Takoulegha<\/h5>\t\t\t\t<\/div>\n\t\t\t\t<\/div>\n\t\t\t\t<div class=\"elementor-element elementor-element-52c14a2 elementor-widget elementor-widget-text-editor\" data-id=\"52c14a2\" data-element_type=\"widget\" data-e-type=\"widget\" data-widget_type=\"text-editor.default\">\n\t\t\t\t<div class=\"elementor-widget-container\">\n\t\t\t\t\t\t\t\t\t<pre><strong>PR\u00c9SIDENT<br \/><\/strong><\/pre>\t\t\t\t\t\t\t\t<\/div>\n\t\t\t\t<\/div>\n\t\t\t\t<\/div>\n\t\t<div class=\"elementor-element elementor-element-2e5e9b1 e-con-full e-flex e-con e-child\" data-id=\"2e5e9b1\" data-element_type=\"container\" data-e-type=\"container\">\n\t\t\t\t<div class=\"elementor-element elementor-element-bbe3fc6 elementor-widget elementor-widget-image\" data-id=\"bbe3fc6\" data-element_type=\"widget\" data-e-type=\"widget\" data-widget_type=\"image.default\">\n\t\t\t\t<div class=\"elementor-widget-container\">\n\t\t\t\t\t\t\t\t\t\t\t\t\t\t\t<img decoding=\"async\" width=\"254\" height=\"225\" src=\"https:\/\/menoua-germany.com\/wp-content\/uploads\/2023\/10\/Paulin.png\" class=\"attachment-large size-large wp-image-536\" alt=\"\" srcset=\"https:\/\/menoua-germany.com\/wp-content\/uploads\/2023\/10\/Paulin.png 254w, https:\/\/menoua-germany.com\/wp-content\/uploads\/2023\/10\/Paulin-14x12.png 14w\" sizes=\"(max-width: 254px) 100vw, 254px\" \/>\t\t\t\t\t\t\t\t\t\t\t\t\t\t\t<\/div>\n\t\t\t\t<\/div>\n\t\t\t\t<\/div>\n\t\t<div class=\"elementor-element elementor-element-e98272a e-con-full e-flex e-con e-child\" data-id=\"e98272a\" data-element_type=\"container\" data-e-type=\"container\">\n\t\t\t\t<div class=\"elementor-element elementor-element-501e171 elementor-widget elementor-widget-heading\" data-id=\"501e171\" data-element_type=\"widget\" data-e-type=\"widget\" data-widget_type=\"heading.default\">\n\t\t\t\t<div class=\"elementor-widget-container\">\n\t\t\t\t\t<h5 class=\"elementor-heading-title elementor-size-medium\">Paulin Choungmo<\/h5>\t\t\t\t<\/div>\n\t\t\t\t<\/div>\n\t\t\t\t<div class=\"elementor-element elementor-element-213dacf elementor-widget elementor-widget-text-editor\" data-id=\"213dacf\" data-element_type=\"widget\" data-e-type=\"widget\" data-widget_type=\"text-editor.default\">\n\t\t\t\t<div class=\"elementor-widget-container\">\n\t\t\t\t\t\t\t\t\t<pre><strong>VICE-PR\u00c9SIDENT<br \/><\/strong><\/pre>\t\t\t\t\t\t\t\t<\/div>\n\t\t\t\t<\/div>\n\t\t\t\t<\/div>\n\t\t\t\t<\/div>\n\t\t<div class=\"elementor-element elementor-element-4aa10ee e-con-full e-flex e-con e-parent\" data-id=\"4aa10ee\" data-element_type=\"container\" data-e-type=\"container\">\n\t\t<div class=\"elementor-element elementor-element-5bbd12a e-con-full e-flex e-con e-child\" data-id=\"5bbd12a\" data-element_type=\"container\" data-e-type=\"container\">\n\t\t\t\t<div class=\"elementor-element elementor-element-33a4d84 elementor-widget elementor-widget-image\" data-id=\"33a4d84\" data-element_type=\"widget\" data-e-type=\"widget\" data-widget_type=\"image.default\">\n\t\t\t\t<div class=\"elementor-widget-container\">\n\t\t\t\t\t\t\t\t\t\t\t\t\t\t\t<img decoding=\"async\" width=\"255\" height=\"265\" src=\"https:\/\/menoua-germany.com\/wp-content\/uploads\/2023\/11\/Fofe-e1700559866331.png\" class=\"attachment-large size-large wp-image-5675\" alt=\"\" \/>\t\t\t\t\t\t\t\t\t\t\t\t\t\t\t<\/div>\n\t\t\t\t<\/div>\n\t\t\t\t<\/div>\n\t\t<div class=\"elementor-element elementor-element-6afeda0 e-con-full e-flex e-con e-child\" data-id=\"6afeda0\" data-element_type=\"container\" data-e-type=\"container\">\n\t\t\t\t<div class=\"elementor-element elementor-element-5c5a200 elementor-widget elementor-widget-heading\" data-id=\"5c5a200\" data-element_type=\"widget\" data-e-type=\"widget\" data-widget_type=\"heading.default\">\n\t\t\t\t<div class=\"elementor-widget-container\">\n\t\t\t\t\t<h5 class=\"elementor-heading-title elementor-size-medium\">Clovis Fofe<\/h5>\t\t\t\t<\/div>\n\t\t\t\t<\/div>\n\t\t\t\t<div class=\"elementor-element elementor-element-cc7b1df elementor-widget elementor-widget-text-editor\" data-id=\"cc7b1df\" data-element_type=\"widget\" data-e-type=\"widget\" data-widget_type=\"text-editor.default\">\n\t\t\t\t<div class=\"elementor-widget-container\">\n\t\t\t\t\t\t\t\t\t<pre><strong><span>S\u00c9CR\u00c9TAIRE G\u00c9N\u00c9RALE<\/span><\/strong><\/pre>\t\t\t\t\t\t\t\t<\/div>\n\t\t\t\t<\/div>\n\t\t\t\t<\/div>\n\t\t<div class=\"elementor-element elementor-element-030e932 e-con-full e-flex e-con e-child\" data-id=\"030e932\" data-element_type=\"container\" data-e-type=\"container\">\n\t\t\t\t<div class=\"elementor-element elementor-element-51b6fb3 elementor-widget elementor-widget-image\" data-id=\"51b6fb3\" data-element_type=\"widget\" data-e-type=\"widget\" data-widget_type=\"image.default\">\n\t\t\t\t<div class=\"elementor-widget-container\">\n\t\t\t\t\t\t\t\t\t\t\t\t\t\t\t<img loading=\"lazy\" decoding=\"async\" width=\"257\" height=\"257\" src=\"https:\/\/menoua-germany.com\/wp-content\/uploads\/2023\/10\/Nguelefack.jpg\" class=\"attachment-large size-large wp-image-535\" alt=\"\" srcset=\"https:\/\/menoua-germany.com\/wp-content\/uploads\/2023\/10\/Nguelefack.jpg 257w, https:\/\/menoua-germany.com\/wp-content\/uploads\/2023\/10\/Nguelefack-150x150.jpg 150w, https:\/\/menoua-germany.com\/wp-content\/uploads\/2023\/10\/Nguelefack-12x12.jpg 12w\" sizes=\"(max-width: 257px) 100vw, 257px\" \/>\t\t\t\t\t\t\t\t\t\t\t\t\t\t\t<\/div>\n\t\t\t\t<\/div>\n\t\t\t\t<\/div>\n\t\t<div class=\"elementor-element elementor-element-6d3f3e7 e-con-full e-flex e-con e-child\" data-id=\"6d3f3e7\" data-element_type=\"container\" data-e-type=\"container\">\n\t\t\t\t<div class=\"elementor-element elementor-element-4cda96e elementor-widget elementor-widget-heading\" data-id=\"4cda96e\" data-element_type=\"widget\" data-e-type=\"widget\" data-widget_type=\"heading.default\">\n\t\t\t\t<div class=\"elementor-widget-container\">\n\t\t\t\t\t<h5 class=\"elementor-heading-title elementor-size-medium\">Didier Nguefack<\/h5>\t\t\t\t<\/div>\n\t\t\t\t<\/div>\n\t\t\t\t<div class=\"elementor-element elementor-element-d01a47e elementor-widget elementor-widget-text-editor\" data-id=\"d01a47e\" data-element_type=\"widget\" data-e-type=\"widget\" data-widget_type=\"text-editor.default\">\n\t\t\t\t<div class=\"elementor-widget-container\">\n\t\t\t\t\t\t\t\t\t<pre><strong><span>TR\u00c9SORIER<\/span><\/strong><\/pre>\t\t\t\t\t\t\t\t<\/div>\n\t\t\t\t<\/div>\n\t\t\t\t<\/div>\n\t\t\t\t<\/div>\n\t\t<div class=\"elementor-element elementor-element-2ae978c e-con-full e-flex e-con e-parent\" data-id=\"2ae978c\" data-element_type=\"container\" data-e-type=\"container\">\n\t\t<div class=\"elementor-element elementor-element-3f7aa00 e-con-full e-flex e-con e-child\" data-id=\"3f7aa00\" data-element_type=\"container\" data-e-type=\"container\">\n\t\t\t\t<div class=\"elementor-element elementor-element-f864a3d elementor-widget__width-initial elementor-widget elementor-widget-image\" data-id=\"f864a3d\" data-element_type=\"widget\" data-e-type=\"widget\" data-widget_type=\"image.default\">\n\t\t\t\t<div class=\"elementor-widget-container\">\n\t\t\t\t\t\t\t\t\t\t\t\t\t\t\t<img loading=\"lazy\" decoding=\"async\" width=\"155\" height=\"267\" src=\"https:\/\/menoua-germany.com\/wp-content\/uploads\/2026\/01\/Marie-Solange-Noudjeu-e1772721920605.jpeg\" class=\"attachment-large size-large wp-image-8800\" alt=\"\" \/>\t\t\t\t\t\t\t\t\t\t\t\t\t\t\t<\/div>\n\t\t\t\t<\/div>\n\t\t\t\t<\/div>\n\t\t<div class=\"elementor-element elementor-element-66378b4 e-con-full e-flex e-con e-child\" data-id=\"66378b4\" data-element_type=\"container\" data-e-type=\"container\">\n\t\t\t\t<div class=\"elementor-element elementor-element-b4a1e65 elementor-widget elementor-widget-heading\" data-id=\"b4a1e65\" data-element_type=\"widget\" data-e-type=\"widget\" data-widget_type=\"heading.default\">\n\t\t\t\t<div class=\"elementor-widget-container\">\n\t\t\t\t\t<h5 class=\"elementor-heading-title elementor-size-medium\">Marie Solange Noudjeu<\/h5>\t\t\t\t<\/div>\n\t\t\t\t<\/div>\n\t\t\t\t<div class=\"elementor-element elementor-element-d1060e0 elementor-widget elementor-widget-text-editor\" data-id=\"d1060e0\" data-element_type=\"widget\" data-e-type=\"widget\" data-widget_type=\"text-editor.default\">\n\t\t\t\t<div class=\"elementor-widget-container\">\n\t\t\t\t\t\t\t\t\t<pre><b>S\u00c9CR\u00c9TAIRE G\u00c9N\u00c9RAL <br \/>ADJOINTE<\/b><\/pre>\t\t\t\t\t\t\t\t<\/div>\n\t\t\t\t<\/div>\n\t\t\t\t<\/div>\n\t\t<div class=\"elementor-element elementor-element-b735bda e-con-full e-flex e-con e-child\" data-id=\"b735bda\" data-element_type=\"container\" data-e-type=\"container\">\n\t\t\t\t<div class=\"elementor-element elementor-element-85223fc elementor-widget__width-initial elementor-widget elementor-widget-image\" data-id=\"85223fc\" data-element_type=\"widget\" data-e-type=\"widget\" data-widget_type=\"image.default\">\n\t\t\t\t<div class=\"elementor-widget-container\">\n\t\t\t\t\t\t\t\t\t\t\t\t\t\t\t<img loading=\"lazy\" decoding=\"async\" width=\"683\" height=\"1024\" src=\"https:\/\/menoua-germany.com\/wp-content\/uploads\/2026\/01\/Achille-Ndongmo-683x1024.jpeg\" class=\"attachment-large size-large wp-image-8801\" alt=\"\" srcset=\"https:\/\/menoua-germany.com\/wp-content\/uploads\/2026\/01\/Achille-Ndongmo-683x1024.jpeg 683w, https:\/\/menoua-germany.com\/wp-content\/uploads\/2026\/01\/Achille-Ndongmo-200x300.jpeg 200w, https:\/\/menoua-germany.com\/wp-content\/uploads\/2026\/01\/Achille-Ndongmo-768x1152.jpeg 768w, https:\/\/menoua-germany.com\/wp-content\/uploads\/2026\/01\/Achille-Ndongmo-8x12.jpeg 8w, https:\/\/menoua-germany.com\/wp-content\/uploads\/2026\/01\/Achille-Ndongmo-e1772721942816.jpeg 155w\" sizes=\"(max-width: 683px) 100vw, 683px\" \/>\t\t\t\t\t\t\t\t\t\t\t\t\t\t\t<\/div>\n\t\t\t\t<\/div>\n\t\t\t\t<\/div>\n\t\t<div class=\"elementor-element elementor-element-7ad4569 e-con-full e-flex e-con e-child\" data-id=\"7ad4569\" data-element_type=\"container\" data-e-type=\"container\">\n\t\t\t\t<div class=\"elementor-element elementor-element-c8a1c26 elementor-widget elementor-widget-heading\" data-id=\"c8a1c26\" data-element_type=\"widget\" data-e-type=\"widget\" data-widget_type=\"heading.default\">\n\t\t\t\t<div class=\"elementor-widget-container\">\n\t\t\t\t\t<h5 class=\"elementor-heading-title elementor-size-medium\">Achille Dongmo N.<\/h5>\t\t\t\t<\/div>\n\t\t\t\t<\/div>\n\t\t\t\t<div class=\"elementor-element elementor-element-11e3514 elementor-widget__width-initial elementor-widget elementor-widget-text-editor\" data-id=\"11e3514\" data-element_type=\"widget\" data-e-type=\"widget\" data-widget_type=\"text-editor.default\">\n\t\t\t\t<div class=\"elementor-widget-container\">\n\t\t\t\t\t\t\t\t\t<pre><strong>CENSEUR<\/strong><\/pre>\t\t\t\t\t\t\t\t<\/div>\n\t\t\t\t<\/div>\n\t\t\t\t<\/div>\n\t\t\t\t<\/div>\n\t\t<div class=\"elementor-element elementor-element-45c076f e-flex e-con-boxed e-con e-parent\" data-id=\"45c076f\" data-element_type=\"container\" data-e-type=\"container\">\n\t\t\t\t\t<div class=\"e-con-inner\">\n\t\t<div class=\"elementor-element elementor-element-a180b9b e-con-full e-flex e-con e-child\" data-id=\"a180b9b\" data-element_type=\"container\" data-e-type=\"container\">\n\t\t\t\t<div class=\"elementor-element elementor-element-75e9517 elementor-widget elementor-widget-image\" data-id=\"75e9517\" data-element_type=\"widget\" data-e-type=\"widget\" data-widget_type=\"image.default\">\n\t\t\t\t<div class=\"elementor-widget-container\">\n\t\t\t\t\t\t\t\t\t\t\t\t\t\t\t<img loading=\"lazy\" decoding=\"async\" width=\"512\" height=\"512\" src=\"https:\/\/menoua-germany.com\/wp-content\/uploads\/2026\/02\/cropped-logo-MCG-1.jpg\" class=\"attachment-large size-large wp-image-9603\" alt=\"\" srcset=\"https:\/\/menoua-germany.com\/wp-content\/uploads\/2026\/02\/cropped-logo-MCG-1.jpg 512w, https:\/\/menoua-germany.com\/wp-content\/uploads\/2026\/02\/cropped-logo-MCG-1-300x300.jpg 300w, https:\/\/menoua-germany.com\/wp-content\/uploads\/2026\/02\/cropped-logo-MCG-1-150x150.jpg 150w, https:\/\/menoua-germany.com\/wp-content\/uploads\/2026\/02\/cropped-logo-MCG-1-12x12.jpg 12w, https:\/\/menoua-germany.com\/wp-content\/uploads\/2026\/02\/cropped-logo-MCG-1-270x270.jpg 270w, https:\/\/menoua-germany.com\/wp-content\/uploads\/2026\/02\/cropped-logo-MCG-1-192x192.jpg 192w, https:\/\/menoua-germany.com\/wp-content\/uploads\/2026\/02\/cropped-logo-MCG-1-180x180.jpg 180w, https:\/\/menoua-germany.com\/wp-content\/uploads\/2026\/02\/cropped-logo-MCG-1-32x32.jpg 32w\" sizes=\"(max-width: 512px) 100vw, 512px\" \/>\t\t\t\t\t\t\t\t\t\t\t\t\t\t\t<\/div>\n\t\t\t\t<\/div>\n\t\t\t\t<\/div>\n\t\t<div class=\"elementor-element elementor-element-8755871 e-con-full e-flex e-con e-child\" data-id=\"8755871\" data-element_type=\"container\" data-e-type=\"container\">\n\t\t\t\t<div class=\"elementor-element elementor-element-a962993 elementor-widget__width-initial elementor-widget elementor-widget-heading\" data-id=\"a962993\" data-element_type=\"widget\" data-e-type=\"widget\" data-widget_type=\"heading.default\">\n\t\t\t\t<div class=\"elementor-widget-container\">\n\t\t\t\t\t<h2 class=\"elementor-heading-title elementor-size-default\">Djimi Dongmo<\/h2>\t\t\t\t<\/div>\n\t\t\t\t<\/div>\n\t\t\t\t<div class=\"elementor-element elementor-element-fed4f40 elementor-widget elementor-widget-text-editor\" data-id=\"fed4f40\" data-element_type=\"widget\" data-e-type=\"widget\" data-widget_type=\"text-editor.default\">\n\t\t\t\t<div class=\"elementor-widget-container\">\n\t\t\t\t\t\t\t\t\t<pre><strong>COMMISSAIRE AUX <br \/>COMPTES<br \/><\/strong><\/pre>\t\t\t\t\t\t\t\t<\/div>\n\t\t\t\t<\/div>\n\t\t\t\t<\/div>\n\t\t<div class=\"elementor-element elementor-element-9791b10 e-con-full e-flex e-con e-child\" data-id=\"9791b10\" data-element_type=\"container\" data-e-type=\"container\">\n\t\t\t\t<\/div>\n\t\t<div class=\"elementor-element elementor-element-e3dbb7b e-con-full e-flex e-con e-child\" data-id=\"e3dbb7b\" data-element_type=\"container\" data-e-type=\"container\">\n\t\t\t\t<\/div>\n\t\t\t\t\t<\/div>\n\t\t\t\t<\/div>\n\t\t\t\t<\/div>","protected":false},"excerpt":{"rendered":"<p>Bureau ex\u00e9cutif Organe central de la Menoua Community in Germany e.V., il est \u00e9lu pour un mandat de deux (2) ans renouvelable, ceci lors d&rsquo;une de ses assembl\u00e9es g\u00e9n\u00e9rales (A.G.). Il a pour objectif principal d&rsquo;organiser la vie de la MCG e.V. \u00e0 travers ses membres et ses commissions. Dupleix [&hellip;]<\/p>\n","protected":false},"author":1,"featured_media":0,"parent":19,"menu_order":0,"comment_status":"closed","ping_status":"closed","template":"","meta":{"_themeisle_gutenberg_block_has_review":false,"footnotes":""},"class_list":["post-632","page","type-page","status-publish","hentry"],"_links":{"self":[{"href":"https:\/\/menoua-germany.com\/de\/wp-json\/wp\/v2\/pages\/632","targetHints":{"allow":["GET"]}}],"collection":[{"href":"https:\/\/menoua-germany.com\/de\/wp-json\/wp\/v2\/pages"}],"about":[{"href":"https:\/\/menoua-germany.com\/de\/wp-json\/wp\/v2\/types\/page"}],"author":[{"embeddable":true,"href":"https:\/\/menoua-germany.com\/de\/wp-json\/wp\/v2\/users\/1"}],"replies":[{"embeddable":true,"href":"https:\/\/menoua-germany.com\/de\/wp-json\/wp\/v2\/comments?post=632"}],"version-history":[{"count":47,"href":"https:\/\/menoua-germany.com\/de\/wp-json\/wp\/v2\/pages\/632\/revisions"}],"predecessor-version":[{"id":9624,"href":"https:\/\/menoua-germany.com\/de\/wp-json\/wp\/v2\/pages\/632\/revisions\/9624"}],"up":[{"embeddable":true,"href":"https:\/\/menoua-germany.com\/de\/wp-json\/wp\/v2\/pages\/19"}],"wp:attachment":[{"href":"https:\/\/menoua-germany.com\/de\/wp-json\/wp\/v2\/media?parent=632"}],"curies":[{"name":"wp","href":"https:\/\/api.w.org\/{rel}","templated":true}]}}