{"id":6053,"date":"2024-05-06T08:01:13","date_gmt":"2024-05-06T07:01:13","guid":{"rendered":"https:\/\/menoua-germany.com\/?page_id=6053"},"modified":"2024-05-11T21:54:00","modified_gmt":"2024-05-11T20:54:00","slug":"festival-mcge-v-2024","status":"publish","type":"page","link":"https:\/\/menoua-germany.com\/de\/festival-mcge-v-2024","title":{"rendered":"Festival TA&rsquo;NCHU 2024"},"content":{"rendered":"<div data-elementor-type=\"wp-page\" data-elementor-id=\"6053\" class=\"elementor elementor-6053\">\n\t\t\t\t<div class=\"elementor-element elementor-element-10f615f e-flex e-con-boxed e-con e-parent\" data-id=\"10f615f\" data-element_type=\"container\" data-e-type=\"container\">\n\t\t\t\t\t<div class=\"e-con-inner\">\n\t\t\t\t<div class=\"elementor-element elementor-element-0918cd1 elementor-drop-cap-yes elementor-drop-cap-view-default elementor-widget elementor-widget-text-editor\" data-id=\"0918cd1\" data-element_type=\"widget\" data-e-type=\"widget\" data-settings=\"{&quot;drop_cap&quot;:&quot;yes&quot;}\" data-widget_type=\"text-editor.default\">\n\t\t\t\t<div class=\"elementor-widget-container\">\n\t\t\t\t\t\t\t\t\t<p style=\"border: 0px solid #e3e3e3; --tw-border-spacing-x: 0; --tw-border-spacing-y: 0; --tw-translate-x: 0; --tw-translate-y: 0; --tw-rotate: 0; --tw-skew-x: 0; --tw-skew-y: 0; --tw-scale-x: 1; --tw-scale-y: 1; --tw-scroll-snap-strictness: proximity; --tw-ring-offset-width: 0px; --tw-ring-offset-color: #fff; --tw-ring-color: rgba(69,89,164,.5); --tw-ring-offset-shadow: 0 0 transparent; --tw-ring-shadow: 0 0 transparent; --tw-shadow: 0 0 transparent; --tw-shadow-colored: 0 0 transparent; margin-top: 1.25em; margin-bottom: 1.25em; color: #0d0d0d; font-family: S\u00f6hne, ui-sans-serif, system-ui, -apple-system, 'Segoe UI', Roboto, Ubuntu, Cantarell, 'Noto Sans', sans-serif, 'Helvetica Neue', Arial, 'Apple Color Emoji', 'Segoe UI Emoji', 'Segoe UI Symbol', 'Noto Color Emoji'; font-size: 16px; white-space-collapse: preserve;\">La MCGe.V. est fi\u00e8re de vous annoncer son tout premier festival, qui se tiendra du 19 au 20 Juillet 2024, dans la ville pittoresque de Fulda, en Allemagne. Cet \u00e9v\u00e9nement d&rsquo;envergure marque le d\u00e9but d&rsquo;une tradition vibrante et nous sommes ravis de vous convier \u00e0 cette c\u00e9l\u00e9bration unique.<\/p>\n<p style=\"border: 0px solid #e3e3e3; --tw-border-spacing-x: 0; --tw-border-spacing-y: 0; --tw-translate-x: 0; --tw-translate-y: 0; --tw-rotate: 0; --tw-skew-x: 0; --tw-skew-y: 0; --tw-scale-x: 1; --tw-scale-y: 1; --tw-scroll-snap-strictness: proximity; --tw-ring-offset-width: 0px; --tw-ring-offset-color: #fff; --tw-ring-color: rgba(69,89,164,.5); --tw-ring-offset-shadow: 0 0 transparent; --tw-ring-shadow: 0 0 transparent; --tw-shadow: 0 0 transparent; --tw-shadow-colored: 0 0 transparent; margin-top: 1.25em; margin-bottom: 1.25em; color: #0d0d0d; font-family: S\u00f6hne, ui-sans-serif, system-ui, -apple-system, 'Segoe UI', Roboto, Ubuntu, Cantarell, 'Noto Sans', sans-serif, 'Helvetica Neue', Arial, 'Apple Color Emoji', 'Segoe UI Emoji', 'Segoe UI Symbol', 'Noto Color Emoji'; font-size: 16px; white-space-collapse: preserve;\">Au c\u0153ur de la charmante ville de Fulda, le festival de la MCGe.V. promet deux jours d&rsquo;animations riches en culture, en divertissement et en rencontres. Que vous soyez passionn\u00e9 de d\u00e9bats, de sport ou tout simplement \u00e0 la recherche de moments de convivialit\u00e9, vous trouverez votre bonheur parmi notre programme diversifi\u00e9.<\/p>\n<p style=\"border: 0px solid #e3e3e3; --tw-border-spacing-x: 0; --tw-border-spacing-y: 0; --tw-translate-x: 0; --tw-translate-y: 0; --tw-rotate: 0; --tw-skew-x: 0; --tw-skew-y: 0; --tw-scale-x: 1; --tw-scale-y: 1; --tw-scroll-snap-strictness: proximity; --tw-ring-offset-width: 0px; --tw-ring-offset-color: #fff; --tw-ring-color: rgba(69,89,164,.5); --tw-ring-offset-shadow: 0 0 transparent; --tw-ring-shadow: 0 0 transparent; --tw-shadow: 0 0 transparent; --tw-shadow-colored: 0 0 transparent; margin-top: 1.25em; margin-bottom: 1.25em; color: #0d0d0d; font-family: S\u00f6hne, ui-sans-serif, system-ui, -apple-system, 'Segoe UI', Roboto, Ubuntu, Cantarell, 'Noto Sans', sans-serif, 'Helvetica Neue', Arial, 'Apple Color Emoji', 'Segoe UI Emoji', 'Segoe UI Symbol', 'Noto Color Emoji'; font-size: 16px; white-space-collapse: preserve;\">Cette premi\u00e8re \u00e9dition du festival est sp\u00e9cialement d\u00e9di\u00e9e aux ressortissants du Cameroun, de la Menoua, mais nous ouvrons \u00e9galement nos portes \u00e0 tous ceux qui souhaitent partager des moments de joie et de d\u00e9couverte avec nous. Que vous soyez originaire de la r\u00e9gion ou simplement curieux de d\u00e9couvrir ses richesses, vous \u00eates les bienvenus pour vous joindre \u00e0 nous.<\/p>\n<p style=\"border: 0px solid #e3e3e3; --tw-border-spacing-x: 0; --tw-border-spacing-y: 0; --tw-translate-x: 0; --tw-translate-y: 0; --tw-rotate: 0; --tw-skew-x: 0; --tw-skew-y: 0; --tw-scale-x: 1; --tw-scale-y: 1; --tw-scroll-snap-strictness: proximity; --tw-ring-offset-width: 0px; --tw-ring-offset-color: #fff; --tw-ring-color: rgba(69,89,164,.5); --tw-ring-offset-shadow: 0 0 transparent; --tw-ring-shadow: 0 0 transparent; --tw-shadow: 0 0 transparent; --tw-shadow-colored: 0 0 transparent; margin-top: 1.25em; margin-bottom: 1.25em; color: #0d0d0d; font-family: S\u00f6hne, ui-sans-serif, system-ui, -apple-system, 'Segoe UI', Roboto, Ubuntu, Cantarell, 'Noto Sans', sans-serif, 'Helvetica Neue', Arial, 'Apple Color Emoji', 'Segoe UI Emoji', 'Segoe UI Symbol', 'Noto Color Emoji'; font-size: 16px; white-space-collapse: preserve;\">Au programme, une table ronde passionnante autour des rites culturels vous invitera \u00e0 participer \u00e0 des d\u00e9bats anim\u00e9s, favorisant ainsi les \u00e9changes d&rsquo;id\u00e9es et les rencontres intellectuelles. En soir\u00e9e, une \u00e9l\u00e9gante soir\u00e9e de gala vous permettra de c\u00e9l\u00e9brer dans une ambiance raffin\u00e9e et festive.<\/p>\n<p style=\"border: 0px solid #e3e3e3; --tw-border-spacing-x: 0; --tw-border-spacing-y: 0; --tw-translate-x: 0; --tw-translate-y: 0; --tw-rotate: 0; --tw-skew-x: 0; --tw-skew-y: 0; --tw-scale-x: 1; --tw-scale-y: 1; --tw-scroll-snap-strictness: proximity; --tw-ring-offset-width: 0px; --tw-ring-offset-color: #fff; --tw-ring-color: rgba(69,89,164,.5); --tw-ring-offset-shadow: 0 0 transparent; --tw-ring-shadow: 0 0 transparent; --tw-shadow: 0 0 transparent; --tw-shadow-colored: 0 0 transparent; margin-top: 1.25em; margin-bottom: 1.25em; color: #0d0d0d; font-family: S\u00f6hne, ui-sans-serif, system-ui, -apple-system, 'Segoe UI', Roboto, Ubuntu, Cantarell, 'Noto Sans', sans-serif, 'Helvetica Neue', Arial, 'Apple Color Emoji', 'Segoe UI Emoji', 'Segoe UI Symbol', 'Noto Color Emoji'; font-size: 16px; white-space-collapse: preserve;\">Et pour les amateurs de sport, des rencontres de football ainsi que des concours de tirs au but seront organis\u00e9s, offrant ainsi des moments d&rsquo;excitation et de comp\u00e9tition.<\/p>\n<p style=\"border: 0px solid #e3e3e3; --tw-border-spacing-x: 0; --tw-border-spacing-y: 0; --tw-translate-x: 0; --tw-translate-y: 0; --tw-rotate: 0; --tw-skew-x: 0; --tw-skew-y: 0; --tw-scale-x: 1; --tw-scale-y: 1; --tw-scroll-snap-strictness: proximity; --tw-ring-offset-width: 0px; --tw-ring-offset-color: #fff; --tw-ring-color: rgba(69,89,164,.5); --tw-ring-offset-shadow: 0 0 transparent; --tw-ring-shadow: 0 0 transparent; --tw-shadow: 0 0 transparent; --tw-shadow-colored: 0 0 transparent; margin-top: 1.25em; margin-bottom: 1.25em; color: #0d0d0d; font-family: S\u00f6hne, ui-sans-serif, system-ui, -apple-system, 'Segoe UI', Roboto, Ubuntu, Cantarell, 'Noto Sans', sans-serif, 'Helvetica Neue', Arial, 'Apple Color Emoji', 'Segoe UI Emoji', 'Segoe UI Symbol', 'Noto Color Emoji'; font-size: 16px; white-space-collapse: preserve;\">Fulda, avec son atmosph\u00e8re chaleureuse et son riche patrimoine culturel, offre le cadre id\u00e9al pour cette c\u00e9l\u00e9bration. Entre les d\u00e9bats stimulants, les comp\u00e9titions sportives palpitantes et les moments de convivialit\u00e9 partag\u00e9s, chaque instant promet d&rsquo;\u00eatre m\u00e9morable.<\/p>\n<p style=\"border: 0px solid #e3e3e3; --tw-border-spacing-x: 0; --tw-border-spacing-y: 0; --tw-translate-x: 0; --tw-translate-y: 0; --tw-rotate: 0; --tw-skew-x: 0; --tw-skew-y: 0; --tw-scale-x: 1; --tw-scale-y: 1; --tw-scroll-snap-strictness: proximity; --tw-ring-offset-width: 0px; --tw-ring-offset-color: #fff; --tw-ring-color: rgba(69,89,164,.5); --tw-ring-offset-shadow: 0 0 transparent; --tw-ring-shadow: 0 0 transparent; --tw-shadow: 0 0 transparent; --tw-shadow-colored: 0 0 transparent; margin-top: 1.25em; margin-bottom: 1.25em; color: #0d0d0d; font-family: S\u00f6hne, ui-sans-serif, system-ui, -apple-system, 'Segoe UI', Roboto, Ubuntu, Cantarell, 'Noto Sans', sans-serif, 'Helvetica Neue', Arial, 'Apple Color Emoji', 'Segoe UI Emoji', 'Segoe UI Symbol', 'Noto Color Emoji'; font-size: 16px; white-space-collapse: preserve;\">Nous vous invitons donc \u00e0 r\u00e9server d\u00e8s maintenant ces dates dans vos agendas et \u00e0 vous pr\u00e9parer \u00e0 vivre une exp\u00e9rience inoubliable au festival de la MCGe.V. \u00e0 Fulda. Restez \u00e0 l&rsquo;\u00e9coute pour plus de d\u00e9tails sur le programme et les modalit\u00e9s d&rsquo;inscription. Ensemble, cr\u00e9ons des souvenirs qui resteront grav\u00e9s dans nos c\u0153urs pour les ann\u00e9es \u00e0 venir !<\/p>\t\t\t\t\t\t\t\t<\/div>\n\t\t\t\t<\/div>\n\t\t\t\t\t<\/div>\n\t\t\t\t<\/div>\n\t\t<div class=\"elementor-element elementor-element-65d4847 e-flex e-con-boxed e-con e-parent\" data-id=\"65d4847\" data-element_type=\"container\" data-e-type=\"container\">\n\t\t\t\t\t<div class=\"e-con-inner\">\n\t\t<div class=\"elementor-element elementor-element-453ed9b e-con-full e-flex e-con e-child\" data-id=\"453ed9b\" data-element_type=\"container\" data-e-type=\"container\">\n\t\t\t\t<\/div>\n\t\t<div class=\"elementor-element elementor-element-73d06ea e-con-full e-flex e-con e-child\" data-id=\"73d06ea\" data-element_type=\"container\" data-e-type=\"container\">\n\t\t\t\t<\/div>\n\t\t<div class=\"elementor-element elementor-element-db141dd e-con-full e-flex e-con e-child\" data-id=\"db141dd\" data-element_type=\"container\" data-e-type=\"container\">\n\t\t\t\t<\/div>\n\t\t<div class=\"elementor-element elementor-element-98717c6 e-con-full e-flex e-con e-child\" data-id=\"98717c6\" data-element_type=\"container\" data-e-type=\"container\">\n\t\t\t\t<\/div>\n\t\t<div class=\"elementor-element elementor-element-249bcec e-con-full e-flex e-con e-child\" data-id=\"249bcec\" data-element_type=\"container\" data-e-type=\"container\">\n\t\t\t\t<\/div>\n\t\t<div class=\"elementor-element elementor-element-b561741 e-con-full e-flex e-con e-child\" data-id=\"b561741\" data-element_type=\"container\" data-e-type=\"container\">\n\t\t\t\t<\/div>\n\t\t\t\t<div class=\"elementor-element elementor-element-5fc7899 elementor-widget elementor-widget-image\" data-id=\"5fc7899\" data-element_type=\"widget\" data-e-type=\"widget\" data-widget_type=\"image.default\">\n\t\t\t\t<div class=\"elementor-widget-container\">\n\t\t\t\t\t\t\t\t\t\t\t\t\t\t\t<img fetchpriority=\"high\" decoding=\"async\" width=\"750\" height=\"750\" src=\"https:\/\/menoua-germany.com\/wp-content\/uploads\/2024\/05\/Save_the_date-1024x1024.jpeg\" class=\"attachment-large size-large wp-image-6055\" alt=\"\" srcset=\"https:\/\/menoua-germany.com\/wp-content\/uploads\/2024\/05\/Save_the_date-1024x1024.jpeg 1024w, https:\/\/menoua-germany.com\/wp-content\/uploads\/2024\/05\/Save_the_date-300x300.jpeg 300w, https:\/\/menoua-germany.com\/wp-content\/uploads\/2024\/05\/Save_the_date-150x150.jpeg 150w, https:\/\/menoua-germany.com\/wp-content\/uploads\/2024\/05\/Save_the_date-768x768.jpeg 768w, https:\/\/menoua-germany.com\/wp-content\/uploads\/2024\/05\/Save_the_date-12x12.jpeg 12w, https:\/\/menoua-germany.com\/wp-content\/uploads\/2024\/05\/Save_the_date.jpeg 1260w\" sizes=\"(max-width: 750px) 100vw, 750px\" \/>\t\t\t\t\t\t\t\t\t\t\t\t\t\t\t<\/div>\n\t\t\t\t<\/div>\n\t\t\t\t\t<\/div>\n\t\t\t\t<\/div>\n\t\t<div class=\"elementor-element elementor-element-7a30aa8 e-flex e-con-boxed e-con e-parent\" data-id=\"7a30aa8\" data-element_type=\"container\" data-e-type=\"container\">\n\t\t\t\t\t<div class=\"e-con-inner\">\n\t\t\t\t<div class=\"elementor-element elementor-element-464b8a1 elementor-arrows-position-inside elementor-pagination-position-outside elementor-widget elementor-widget-image-carousel\" data-id=\"464b8a1\" data-element_type=\"widget\" data-e-type=\"widget\" data-settings=\"{&quot;navigation&quot;:&quot;both&quot;,&quot;autoplay&quot;:&quot;yes&quot;,&quot;pause_on_hover&quot;:&quot;yes&quot;,&quot;pause_on_interaction&quot;:&quot;yes&quot;,&quot;autoplay_speed&quot;:5000,&quot;infinite&quot;:&quot;yes&quot;,&quot;speed&quot;:500}\" data-widget_type=\"image-carousel.default\">\n\t\t\t\t<div class=\"elementor-widget-container\">\n\t\t\t\t\t\t\t<div class=\"elementor-image-carousel-wrapper swiper\" role=\"region\" aria-roledescription=\"carousel\" aria-label=\"Carrousel d\u2019images\" dir=\"ltr\">\n\t\t\t<div class=\"elementor-image-carousel swiper-wrapper\" aria-live=\"off\">\n\t\t\t\t\t\t\t\t<div class=\"swiper-slide\" role=\"group\" aria-roledescription=\"slide\" aria-label=\"1 sur 17\"><figure class=\"swiper-slide-inner\"><img decoding=\"async\" class=\"swiper-slide-image\" src=\"https:\/\/menoua-germany.com\/wp-content\/uploads\/2024\/05\/PHOTO-2023-06-18-18-15-31-1-150x150.jpg\" alt=\"PHOTO-2023-06-18-18-15-31-1\" \/><\/figure><\/div><div class=\"swiper-slide\" role=\"group\" aria-roledescription=\"slide\" aria-label=\"2 sur 17\"><figure class=\"swiper-slide-inner\"><img decoding=\"async\" class=\"swiper-slide-image\" src=\"https:\/\/menoua-germany.com\/wp-content\/uploads\/2024\/05\/PHOTO-2023-06-18-17-58-27_5-150x150.jpg\" alt=\"PHOTO-2023-06-18-17-58-27_5\" \/><\/figure><\/div><div class=\"swiper-slide\" role=\"group\" aria-roledescription=\"slide\" aria-label=\"3 sur 17\"><figure class=\"swiper-slide-inner\"><img decoding=\"async\" class=\"swiper-slide-image\" src=\"https:\/\/menoua-germany.com\/wp-content\/uploads\/2024\/05\/PHOTO-2023-06-18-17-58-27-150x150.jpg\" alt=\"PHOTO-2023-06-18-17-58-27\" \/><\/figure><\/div><div class=\"swiper-slide\" role=\"group\" aria-roledescription=\"slide\" aria-label=\"4 sur 17\"><figure class=\"swiper-slide-inner\"><img decoding=\"async\" class=\"swiper-slide-image\" src=\"https:\/\/menoua-germany.com\/wp-content\/uploads\/2024\/05\/PHOTO-2023-06-18-17-58-26-150x150.jpg\" alt=\"PHOTO-2023-06-18-17-58-26\" \/><\/figure><\/div><div class=\"swiper-slide\" role=\"group\" aria-roledescription=\"slide\" aria-label=\"5 sur 17\"><figure class=\"swiper-slide-inner\"><img decoding=\"async\" class=\"swiper-slide-image\" src=\"https:\/\/menoua-germany.com\/wp-content\/uploads\/2024\/05\/PHOTO-2023-06-18-17-58-25_2-150x150.jpg\" alt=\"PHOTO-2023-06-18-17-58-25_2\" \/><\/figure><\/div><div class=\"swiper-slide\" role=\"group\" aria-roledescription=\"slide\" aria-label=\"6 sur 17\"><figure class=\"swiper-slide-inner\"><img decoding=\"async\" class=\"swiper-slide-image\" src=\"https:\/\/menoua-germany.com\/wp-content\/uploads\/2024\/05\/PHOTO-2023-06-18-17-58-25-150x150.jpg\" alt=\"PHOTO-2023-06-18-17-58-25\" \/><\/figure><\/div><div class=\"swiper-slide\" role=\"group\" aria-roledescription=\"slide\" aria-label=\"7 sur 17\"><figure class=\"swiper-slide-inner\"><img decoding=\"async\" class=\"swiper-slide-image\" src=\"https:\/\/menoua-germany.com\/wp-content\/uploads\/2024\/05\/PHOTO-2023-06-18-17-58-24-150x150.jpg\" alt=\"PHOTO-2023-06-18-17-58-24\" \/><\/figure><\/div><div class=\"swiper-slide\" role=\"group\" aria-roledescription=\"slide\" aria-label=\"8 sur 17\"><figure class=\"swiper-slide-inner\"><img decoding=\"async\" class=\"swiper-slide-image\" src=\"https:\/\/menoua-germany.com\/wp-content\/uploads\/2024\/05\/PHOTO-2023-06-18-18-15-31-150x150.jpg\" alt=\"PHOTO-2023-06-18-18-15-31\" \/><\/figure><\/div><div class=\"swiper-slide\" role=\"group\" aria-roledescription=\"slide\" aria-label=\"9 sur 17\"><figure class=\"swiper-slide-inner\"><img decoding=\"async\" class=\"swiper-slide-image\" src=\"https:\/\/menoua-germany.com\/wp-content\/uploads\/2024\/05\/PHOTO-2023-06-18-18-15-30-150x150.jpg\" alt=\"PHOTO-2023-06-18-18-15-30\" \/><\/figure><\/div><div class=\"swiper-slide\" role=\"group\" aria-roledescription=\"slide\" aria-label=\"10 sur 17\"><figure class=\"swiper-slide-inner\"><img decoding=\"async\" class=\"swiper-slide-image\" src=\"https:\/\/menoua-germany.com\/wp-content\/uploads\/2024\/05\/PHOTO-2023-06-18-17-58-30_12-150x150.jpg\" alt=\"PHOTO-2023-06-18-17-58-30_12\" \/><\/figure><\/div><div class=\"swiper-slide\" role=\"group\" aria-roledescription=\"slide\" aria-label=\"11 sur 17\"><figure class=\"swiper-slide-inner\"><img decoding=\"async\" class=\"swiper-slide-image\" src=\"https:\/\/menoua-germany.com\/wp-content\/uploads\/2024\/05\/PHOTO-2023-06-18-17-58-30_11-150x150.jpg\" alt=\"PHOTO-2023-06-18-17-58-30_11\" \/><\/figure><\/div><div class=\"swiper-slide\" role=\"group\" aria-roledescription=\"slide\" aria-label=\"12 sur 17\"><figure class=\"swiper-slide-inner\"><img decoding=\"async\" class=\"swiper-slide-image\" src=\"https:\/\/menoua-germany.com\/wp-content\/uploads\/2024\/05\/PHOTO-2023-06-18-17-58-30-150x150.jpg\" alt=\"PHOTO-2023-06-18-17-58-30\" \/><\/figure><\/div><div class=\"swiper-slide\" role=\"group\" aria-roledescription=\"slide\" aria-label=\"13 sur 17\"><figure class=\"swiper-slide-inner\"><img decoding=\"async\" class=\"swiper-slide-image\" src=\"https:\/\/menoua-germany.com\/wp-content\/uploads\/2024\/05\/PHOTO-2023-06-18-17-58-29-150x150.jpg\" alt=\"PHOTO-2023-06-18-17-58-29\" \/><\/figure><\/div><div class=\"swiper-slide\" role=\"group\" aria-roledescription=\"slide\" aria-label=\"14 sur 17\"><figure class=\"swiper-slide-inner\"><img decoding=\"async\" class=\"swiper-slide-image\" src=\"https:\/\/menoua-germany.com\/wp-content\/uploads\/2024\/05\/PHOTO-2023-06-18-17-58-28_8-150x150.jpg\" alt=\"PHOTO-2023-06-18-17-58-28_8\" \/><\/figure><\/div><div class=\"swiper-slide\" role=\"group\" aria-roledescription=\"slide\" aria-label=\"15 sur 17\"><figure class=\"swiper-slide-inner\"><img decoding=\"async\" class=\"swiper-slide-image\" src=\"https:\/\/menoua-germany.com\/wp-content\/uploads\/2024\/05\/PHOTO-2023-06-18-17-58-28-150x150.jpg\" alt=\"PHOTO-2023-06-18-17-58-28\" \/><\/figure><\/div><div class=\"swiper-slide\" role=\"group\" aria-roledescription=\"slide\" aria-label=\"16 sur 17\"><figure class=\"swiper-slide-inner\"><img decoding=\"async\" class=\"swiper-slide-image\" src=\"https:\/\/menoua-germany.com\/wp-content\/uploads\/2024\/05\/PHOTO-2023-06-18-17-58-27_6-150x150.jpg\" alt=\"PHOTO-2023-06-18-17-58-27_6\" \/><\/figure><\/div><div class=\"swiper-slide\" role=\"group\" aria-roledescription=\"slide\" aria-label=\"17 sur 17\"><figure class=\"swiper-slide-inner\"><img decoding=\"async\" class=\"swiper-slide-image\" src=\"https:\/\/menoua-germany.com\/wp-content\/uploads\/2024\/05\/Save_the_date-150x150.jpeg\" alt=\"Save_the_date\" \/><\/figure><\/div>\t\t\t<\/div>\n\t\t\t\t\t\t\t\t\t\t\t\t<div class=\"elementor-swiper-button elementor-swiper-button-prev\" role=\"button\" tabindex=\"0\">\n\t\t\t\t\t\t<i aria-hidden=\"true\" class=\"eicon-chevron-left\"><\/i>\t\t\t\t\t<\/div>\n\t\t\t\t\t<div class=\"elementor-swiper-button elementor-swiper-button-next\" role=\"button\" tabindex=\"0\">\n\t\t\t\t\t\t<i aria-hidden=\"true\" class=\"eicon-chevron-right\"><\/i>\t\t\t\t\t<\/div>\n\t\t\t\t\n\t\t\t\t\t\t\t\t\t<div class=\"swiper-pagination\"><\/div>\n\t\t\t\t\t\t\t\t\t<\/div>\n\t\t\t\t\t\t<\/div>\n\t\t\t\t<\/div>\n\t\t\t\t\t<\/div>\n\t\t\t\t<\/div>\n\t\t\t\t<\/div>","protected":false},"excerpt":{"rendered":"<p>La MCGe.V. est fi\u00e8re de vous annoncer son tout premier festival, qui se tiendra du 19 au 20 Juillet 2024, dans la ville pittoresque de Fulda, en Allemagne. Cet \u00e9v\u00e9nement d&rsquo;envergure marque le d\u00e9but d&rsquo;une tradition vibrante et nous sommes ravis de vous convier \u00e0 cette c\u00e9l\u00e9bration unique. Au c\u0153ur [&hellip;]<\/p>\n","protected":false},"author":1,"featured_media":6055,"parent":0,"menu_order":0,"comment_status":"closed","ping_status":"closed","template":"","meta":{"_themeisle_gutenberg_block_has_review":false,"footnotes":""},"class_list":["post-6053","page","type-page","status-publish","has-post-thumbnail","hentry"],"_links":{"self":[{"href":"https:\/\/menoua-germany.com\/de\/wp-json\/wp\/v2\/pages\/6053","targetHints":{"allow":["GET"]}}],"collection":[{"href":"https:\/\/menoua-germany.com\/de\/wp-json\/wp\/v2\/pages"}],"about":[{"href":"https:\/\/menoua-germany.com\/de\/wp-json\/wp\/v2\/types\/page"}],"author":[{"embeddable":true,"href":"https:\/\/menoua-germany.com\/de\/wp-json\/wp\/v2\/users\/1"}],"replies":[{"embeddable":true,"href":"https:\/\/menoua-germany.com\/de\/wp-json\/wp\/v2\/comments?post=6053"}],"version-history":[{"count":13,"href":"https:\/\/menoua-germany.com\/de\/wp-json\/wp\/v2\/pages\/6053\/revisions"}],"predecessor-version":[{"id":6088,"href":"https:\/\/menoua-germany.com\/de\/wp-json\/wp\/v2\/pages\/6053\/revisions\/6088"}],"wp:featuredmedia":[{"embeddable":true,"href":"https:\/\/menoua-germany.com\/de\/wp-json\/wp\/v2\/media\/6055"}],"wp:attachment":[{"href":"https:\/\/menoua-germany.com\/de\/wp-json\/wp\/v2\/media?parent=6053"}],"curies":[{"name":"wp","href":"https:\/\/api.w.org\/{rel}","templated":true}]}}