{"id":23,"date":"2023-10-13T11:32:31","date_gmt":"2023-10-13T11:32:31","guid":{"rendered":"https:\/\/test.menoua-germany.com\/impressum"},"modified":"2023-10-17T14:36:25","modified_gmt":"2023-10-17T14:36:25","slug":"impressum","status":"publish","type":"page","link":"https:\/\/menoua-germany.com\/de\/impressum","title":{"rendered":"Impressum"},"content":{"rendered":"<p><strong>Menoua community in Germany e.V.<\/strong>&nbsp;\u2013 VR60688<\/p>\n\n\n\n<p>Postfach 210946<\/p>\n\n\n\n<p>67009 Ludwigshafen&nbsp;<\/p>\n\n\n\n<p>Bankverbindung<\/p>\n\n\n\n<p>IBAN:&nbsp;<strong>DE77 5455 0010 0191 6749 85<\/strong>&nbsp;<\/p>\n\n\n\n<p>&nbsp; BIC:&nbsp;<strong>LUHSDE6AXXX<\/strong><\/p>\n\n\n\n<p>Sparkasse Ludwigshafen<\/p>\n\n\n\n<p>Contacts:<\/p>\n\n\n\n<p>&nbsp; &nbsp; &nbsp;E-Mail:&nbsp;<a href=\"mailto:presidence@menoua-germany.com\">presidence@menoua-germany.com<\/a><\/p>\n\n\n\n<p><strong>&nbsp; &nbsp; &nbsp; &nbsp; &nbsp; &nbsp; &nbsp; &nbsp; &nbsp;<\/strong><a href=\"mailto:secretariat@menoua-germany.com\">secretariat@menoua-germany.com<\/a><\/p>\n\n\n\n<p>&nbsp; &nbsp; &nbsp; &nbsp; &nbsp; &nbsp; &nbsp; &nbsp;&nbsp;<a href=\"mailto:tresorerie@menoua-germany.com\">tresorerie@menoua-germany.com<\/a><\/p>\n\n\n\n<p><strong>Facebook<\/strong>:&nbsp;<a href=\"https:\/\/www.facebook.com\/groups\/152496238168255\" target=\"_blank\" rel=\"noreferrer noopener\">https:\/\/www.facebook.com\/groups\/152496238168255<\/a><\/p>\n\n\n\n<hr class=\"wp-block-separator has-alpha-channel-opacity\"\/>\n\n\n\n<p>Die Menoua Community in Germany e.V. (MCG) ist nur f\u00fcr die eigenen Inhalte nach den allgemeinen Gesetzen verantwortlich. Sie \u00fcbernimmt keinerlei Gew\u00e4hr f\u00fcr die Aktualit\u00e4t, Korrektheit, Vollst\u00e4ndigkeit oder Qualit\u00e4t der bereitgestellten Daten und Informationen. Die Inhalte anderer Anbieter, auf die die MCG durch direkte oder indirekte Links verweist, spiegeln nicht die Meinung der MCG wider. Sie ist nicht f\u00fcr die Inhalte anderer Anbieter verantwortlich. Diese Anbieter sind f\u00fcr die Inhalte der rechtlich unabh\u00e4ngigen Einrichtungen und der einzelnen berechtigten Nutzer auf den Computersystemen der MCG verantwortlich.<\/p>","protected":false},"excerpt":{"rendered":"<p>Menoua community in Germany e.V.&nbsp;\u2013 VR60688 Postfach 210946 67009 Ludwigshafen&nbsp; Coordonn\u00e9es banquaires IBAN:&nbsp;DE77 5455 0010 0191 6749 85&nbsp; &nbsp; BIC:&nbsp;LUHSDE6AXXX Sparkasse Ludwigshafen Contacts: &nbsp; &nbsp; &nbsp;E-Mail:&nbsp;presidence@menoua-germany.com &nbsp; &nbsp; &nbsp; &nbsp; &nbsp; &nbsp; &nbsp; &nbsp; &nbsp;secretariat@menoua-germany.com &nbsp; &nbsp; &nbsp; &nbsp; &nbsp; &nbsp; &nbsp; &nbsp;&nbsp;tresorerie@menoua-germany.com Facebook:&nbsp;https:\/\/www.facebook.com\/groups\/152496238168255 La Menoua Community in Germany e.V. [&hellip;]<\/p>\n","protected":false},"author":1,"featured_media":0,"parent":0,"menu_order":0,"comment_status":"closed","ping_status":"closed","template":"","meta":{"_themeisle_gutenberg_block_has_review":false,"footnotes":""},"class_list":["post-23","page","type-page","status-publish","hentry"],"_links":{"self":[{"href":"https:\/\/menoua-germany.com\/de\/wp-json\/wp\/v2\/pages\/23","targetHints":{"allow":["GET"]}}],"collection":[{"href":"https:\/\/menoua-germany.com\/de\/wp-json\/wp\/v2\/pages"}],"about":[{"href":"https:\/\/menoua-germany.com\/de\/wp-json\/wp\/v2\/types\/page"}],"author":[{"embeddable":true,"href":"https:\/\/menoua-germany.com\/de\/wp-json\/wp\/v2\/users\/1"}],"replies":[{"embeddable":true,"href":"https:\/\/menoua-germany.com\/de\/wp-json\/wp\/v2\/comments?post=23"}],"version-history":[{"count":1,"href":"https:\/\/menoua-germany.com\/de\/wp-json\/wp\/v2\/pages\/23\/revisions"}],"predecessor-version":[{"id":189,"href":"https:\/\/menoua-germany.com\/de\/wp-json\/wp\/v2\/pages\/23\/revisions\/189"}],"wp:attachment":[{"href":"https:\/\/menoua-germany.com\/de\/wp-json\/wp\/v2\/media?parent=23"}],"curies":[{"name":"wp","href":"https:\/\/api.w.org\/{rel}","templated":true}]}}