{"id":22,"date":"2023-10-13T11:31:31","date_gmt":"2023-10-13T11:31:31","guid":{"rendered":"https:\/\/test.menoua-germany.com\/menoua"},"modified":"2023-11-30T11:04:45","modified_gmt":"2023-11-30T10:04:45","slug":"menoua","status":"publish","type":"page","link":"https:\/\/menoua-germany.com\/de\/menoua","title":{"rendered":"Menoua"},"content":{"rendered":"<div data-elementor-type=\"wp-page\" data-elementor-id=\"22\" class=\"elementor elementor-22\">\n\t\t\t\t<div class=\"elementor-element elementor-element-6cf1255 e-con-full e-flex e-con e-parent\" data-id=\"6cf1255\" data-element_type=\"container\" data-e-type=\"container\">\n\t\t<div class=\"elementor-element elementor-element-5caa439 e-con-full e-flex e-con e-child\" data-id=\"5caa439\" data-element_type=\"container\" data-e-type=\"container\">\n\t\t\t\t<div class=\"elementor-element elementor-element-aa14c0d elementor-widget elementor-widget-google_maps\" data-id=\"aa14c0d\" data-element_type=\"widget\" data-e-type=\"widget\" data-widget_type=\"google_maps.default\">\n\t\t\t\t<div class=\"elementor-widget-container\">\n\t\t\t\t\t\t\t<div class=\"elementor-custom-embed\">\n\t\t\t<iframe loading=\"lazy\"\n\t\t\t\t\tsrc=\"https:\/\/maps.google.com\/maps?q=Menoua%2C%20Cameroon&#038;t=m&#038;z=10&#038;output=embed&#038;iwloc=near\"\n\t\t\t\t\ttitle=\"Menoua, Cameroon\"\n\t\t\t\t\taria-label=\"Menoua, Cameroon\"\n\t\t\t><\/iframe>\n\t\t<\/div>\n\t\t\t\t\t\t<\/div>\n\t\t\t\t<\/div>\n\t\t\t\t<\/div>\n\t\t<div class=\"elementor-element elementor-element-fa05cb9 e-con-full e-flex e-con e-child\" data-id=\"fa05cb9\" data-element_type=\"container\" data-e-type=\"container\">\n\t\t\t\t<div class=\"elementor-element elementor-element-c471fea elementor-widget elementor-widget-video\" data-id=\"c471fea\" data-element_type=\"widget\" data-e-type=\"widget\" data-settings=\"{&quot;video_type&quot;:&quot;hosted&quot;,&quot;autoplay&quot;:&quot;yes&quot;,&quot;play_on_mobile&quot;:&quot;yes&quot;,&quot;mute&quot;:&quot;yes&quot;,&quot;loop&quot;:&quot;yes&quot;}\" data-widget_type=\"video.default\">\n\t\t\t\t<div class=\"elementor-widget-container\">\n\t\t\t\t\t\t\t<div class=\"e-hosted-video elementor-wrapper elementor-open-inline\">\n\t\t\t\t\t<video class=\"elementor-video\" src=\"https:\/\/test.menoua-germany.com\/wp-content\/uploads\/2023\/11\/Menoua-Carte-Brave-2023-11-30-10-55-13.mp4\" autoplay=\"\" loop=\"\" muted=\"muted\" playsinline=\"\" controlslist=\"nodownload\"><\/video>\n\t\t\t\t<\/div>\n\t\t\t\t\t\t<\/div>\n\t\t\t\t<\/div>\n\t\t\t\t<\/div>\n\t\t\t\t<\/div>\n\t\t<div class=\"elementor-element elementor-element-721a4bb e-flex e-con-boxed e-con e-parent\" data-id=\"721a4bb\" data-element_type=\"container\" data-e-type=\"container\">\n\t\t\t\t\t<div class=\"e-con-inner\">\n\t\t\t\t\t<\/div>\n\t\t\t\t<\/div>\n\t\t<div class=\"elementor-element elementor-element-9c9dd2a e-flex e-con-boxed e-con e-parent\" data-id=\"9c9dd2a\" data-element_type=\"container\" data-e-type=\"container\">\n\t\t\t\t\t<div class=\"e-con-inner\">\n\t\t\t\t<div class=\"elementor-element elementor-element-39c29f6 elementor-drop-cap-yes elementor-drop-cap-view-default elementor-widget elementor-widget-text-editor\" data-id=\"39c29f6\" data-element_type=\"widget\" data-e-type=\"widget\" data-settings=\"{&quot;drop_cap&quot;:&quot;yes&quot;}\" data-widget_type=\"text-editor.default\">\n\t\t\t\t<div class=\"elementor-widget-container\">\n\t\t\t\t\t\t\t\t\t<p>La menoua est un departement du Cameroun situe dans la region de l&rsquo;ouest et ayant pour chef lieu la ville de Dschang. Ce departement est decoup\u00e9 en sept (7) arrondissements et\/ou communes qui sont:<\/p>\t\t\t\t\t\t\t\t<\/div>\n\t\t\t\t<\/div>\n\t\t\t\t<div class=\"elementor-element elementor-element-6a9b5d9 elementor-widget elementor-widget-text-editor\" data-id=\"6a9b5d9\" data-element_type=\"widget\" data-e-type=\"widget\" data-widget_type=\"text-editor.default\">\n\t\t\t\t<div class=\"elementor-widget-container\">\n\t\t\t\t\t\t\t\t\t<ul><li style=\"list-style-type: none;\"><ul><li>DSCHANG (Urbain)<\/li><li>DSCHANG (Rural)<\/li><li>FOKOUE<\/li><li>FONGO-TONGO<\/li><li>NKONG-Nzem<\/li><li>PENKA-MICHEL<\/li><li>SANTCHOU<\/li><\/ul><\/li><\/ul>\t\t\t\t\t\t\t\t<\/div>\n\t\t\t\t<\/div>\n\t\t\t\t<div class=\"elementor-element elementor-element-d201adc elementor-widget elementor-widget-text-editor\" data-id=\"d201adc\" data-element_type=\"widget\" data-e-type=\"widget\" data-widget_type=\"text-editor.default\">\n\t\t\t\t<div class=\"elementor-widget-container\">\n\t\t\t\t\t\t\t\t\t<p><span>La Menoua comme plusieurs autres d\u00e9partements dans l&rsquo;ouest du Cameroun a une structure organisationelle li\u00e9e \u00e0 sa\u00a0<\/span><span>culture, celle-ci r\u00e9partit l&rsquo;espace dans la Menoua en groupements. Chaque groupement est sous l&rsquo;autorit\u00e9 traditionelle d&rsquo;un Roi. Le d\u00e9partement de la Menoua compte vingt (20) groupements class\u00e9s comme suit par ordre alphabetique:<\/span><\/p>\t\t\t\t\t\t\t\t<\/div>\n\t\t\t\t<\/div>\n\t\t<div class=\"elementor-element elementor-element-dba117e e-con-full e-flex e-con e-child\" data-id=\"dba117e\" data-element_type=\"container\" data-e-type=\"container\">\n\t\t\t\t<div class=\"elementor-element elementor-element-1792a22 elementor-widget__width-initial elementor-widget elementor-widget-text-editor\" data-id=\"1792a22\" data-element_type=\"widget\" data-e-type=\"widget\" data-widget_type=\"text-editor.default\">\n\t\t\t\t<div class=\"elementor-widget-container\">\n\t\t\t\t\t\t\t\t\t<ul><li><span>Bafou\u00a0<\/span><\/li><li><span>Baleveng<\/span><\/li><li><span>Balessing<\/span><\/li><li><span>Baloum<\/span><\/li><li><span>Bamendou<\/span><\/li><li><span>Bansoa<\/span><\/li><li><span>Fokou\u00e9<\/span><\/li><li><span>Fombap<\/span><\/li><li><span>Fongo-<span>Ndeng<\/span><\/span><\/li><li><span>Fongo-<span>Tongo<\/span><\/span><\/li><li><span>F<span>ontsa-Touala<\/span><\/span><\/li><li><span>For\u00e9k\u00e9<\/span><\/li><li>Fossong-Elelem<\/li><li>F<span>ossong Wentcheng<\/span><\/li><li><span>Fotetsa<\/span><\/li><li><span>Foto<\/span><\/li><li><span>Fotom\u00e9na<\/span><\/li><li><span>Santchou<\/span><\/li><li><span><\/span>Bafou\u00a0<\/li><li><span>Baleveng<\/span><\/li><li><span>Balessing<\/span><\/li><li><span>Baloum<\/span><\/li><li><span>Bamendou<\/span><\/li><li><span>Bansoa<\/span><\/li><li><span>Fokou\u00e9<\/span><\/li><li><span>Fombap<\/span><\/li><li><span>Fomop\u00e9a<\/span><\/li><li><span>Fondonera<\/span><\/li><\/ul>\t\t\t\t\t\t\t\t<\/div>\n\t\t\t\t<\/div>\n\t\t\t\t<\/div>\n\t\t\t\t\t<\/div>\n\t\t\t\t<\/div>\n\t\t\t\t<\/div>","protected":false},"excerpt":{"rendered":"<p>https:\/\/test.menoua-germany.com\/wp-content\/uploads\/2023\/11\/Menoua-Carte-Brave-2023-11-30-10-55-13.mp4 La menoua est un departement du Cameroun situe dans la region de l&rsquo;ouest et ayant pour chef lieu la ville de Dschang. Ce departement est decoup\u00e9 en sept (7) arrondissements et\/ou communes qui sont: DSCHANG (Urbain) DSCHANG (Rural) FOKOUE FONGO-TONGO NKONG-Nzem PENKA-MICHEL SANTCHOU La Menoua comme plusieurs autres d\u00e9partements [&hellip;]<\/p>\n","protected":false},"author":1,"featured_media":0,"parent":0,"menu_order":0,"comment_status":"closed","ping_status":"closed","template":"","meta":{"_themeisle_gutenberg_block_has_review":false,"footnotes":""},"class_list":["post-22","page","type-page","status-publish","hentry"],"_links":{"self":[{"href":"https:\/\/menoua-germany.com\/de\/wp-json\/wp\/v2\/pages\/22","targetHints":{"allow":["GET"]}}],"collection":[{"href":"https:\/\/menoua-germany.com\/de\/wp-json\/wp\/v2\/pages"}],"about":[{"href":"https:\/\/menoua-germany.com\/de\/wp-json\/wp\/v2\/types\/page"}],"author":[{"embeddable":true,"href":"https:\/\/menoua-germany.com\/de\/wp-json\/wp\/v2\/users\/1"}],"replies":[{"embeddable":true,"href":"https:\/\/menoua-germany.com\/de\/wp-json\/wp\/v2\/comments?post=22"}],"version-history":[{"count":34,"href":"https:\/\/menoua-germany.com\/de\/wp-json\/wp\/v2\/pages\/22\/revisions"}],"predecessor-version":[{"id":5724,"href":"https:\/\/menoua-germany.com\/de\/wp-json\/wp\/v2\/pages\/22\/revisions\/5724"}],"wp:attachment":[{"href":"https:\/\/menoua-germany.com\/de\/wp-json\/wp\/v2\/media?parent=22"}],"curies":[{"name":"wp","href":"https:\/\/api.w.org\/{rel}","templated":true}]}}