{"id":19,"date":"2023-10-13T11:30:23","date_gmt":"2023-10-13T11:30:23","guid":{"rendered":"https:\/\/test.menoua-germany.com\/la-mcg-e-v"},"modified":"2023-11-30T15:05:59","modified_gmt":"2023-11-30T14:05:59","slug":"mcg-e-v","status":"publish","type":"page","link":"https:\/\/menoua-germany.com\/de\/mcg-e-v","title":{"rendered":"MCG e.V."},"content":{"rendered":"<div data-elementor-type=\"wp-page\" data-elementor-id=\"19\" class=\"elementor elementor-19\">\n\t\t\t\t<div class=\"elementor-element elementor-element-c563e4d e-con-full e-flex e-con e-parent\" data-id=\"c563e4d\" data-element_type=\"container\" data-e-type=\"container\">\n\t\t<div class=\"elementor-element elementor-element-c0d3557 e-con-full e-flex e-con e-child\" data-id=\"c0d3557\" data-element_type=\"container\" data-e-type=\"container\">\n\t\t\t\t<div class=\"elementor-element elementor-element-9323785 elementor-view-default elementor-widget elementor-widget-icon\" data-id=\"9323785\" data-element_type=\"widget\" data-e-type=\"widget\" data-widget_type=\"icon.default\">\n\t\t\t\t<div class=\"elementor-widget-container\">\n\t\t\t\t\t\t\t<div class=\"elementor-icon-wrapper\">\n\t\t\t<a class=\"elementor-icon\" href=\"https:\/\/menoua-germany.com\/de\/histoire\/\">\n\t\t\t<i aria-hidden=\"true\" class=\"far fa-clock\"><\/i>\t\t\t<\/a>\n\t\t<\/div>\n\t\t\t\t\t\t<\/div>\n\t\t\t\t<\/div>\n\t\t\t\t<div class=\"elementor-element elementor-element-d100135 elementor-widget elementor-widget-heading\" data-id=\"d100135\" data-element_type=\"widget\" data-e-type=\"widget\" data-widget_type=\"heading.default\">\n\t\t\t\t<div class=\"elementor-widget-container\">\n\t\t\t\t\t<h2 class=\"elementor-heading-title elementor-size-default\"><a href=\"https:\/\/menoua-germany.com\/de\/histoire\/\">Geschichte<\/a><\/h2>\t\t\t\t<\/div>\n\t\t\t\t<\/div>\n\t\t\t\t<div class=\"elementor-element elementor-element-a8d226f elementor-widget__width-inherit elementor-drop-cap-yes elementor-drop-cap-view-default elementor-widget elementor-widget-text-editor\" data-id=\"a8d226f\" data-element_type=\"widget\" data-e-type=\"widget\" data-settings=\"{&quot;drop_cap&quot;:&quot;yes&quot;}\" data-widget_type=\"text-editor.default\">\n\t\t\t\t<div class=\"elementor-widget-container\">\n\t\t\t\t\t\t\t\t\t<p>Die MCGe.V. wurde am 26.06.2011 in Ludwigshafen gegr\u00fcndet und startete mit 15 Mitgliedern aus den Regionen Baden-W\u00fcrttemberg, Rhein-Main und Bayern. Heute z\u00e4hlt sie mehr als 90 aktive Mitglieder und Sympathisanten, die sich derzeit \u00fcber diese Regionen (Rhein-Main, Freistaat) verteilen. Eine detailliertere Geschichte finden Sie <a href=\"https:\/\/menoua-germany.com\/de\/histoire\/\">hier<\/a>.\u00a0<\/p><p><a href=\"https:\/\/menoua-germany.com\/de\/histoire\/\">mehr ...<\/a><\/p>\t\t\t\t\t\t\t\t<\/div>\n\t\t\t\t<\/div>\n\t\t\t\t<\/div>\n\t\t<div class=\"elementor-element elementor-element-e8a0a05 e-con-full e-flex e-con e-child\" data-id=\"e8a0a05\" data-element_type=\"container\" data-e-type=\"container\">\n\t\t\t\t<div class=\"elementor-element elementor-element-34aa7f7 elementor-view-default elementor-widget elementor-widget-icon\" data-id=\"34aa7f7\" data-element_type=\"widget\" data-e-type=\"widget\" data-widget_type=\"icon.default\">\n\t\t\t\t<div class=\"elementor-widget-container\">\n\t\t\t\t\t\t\t<div class=\"elementor-icon-wrapper\">\n\t\t\t<a class=\"elementor-icon\" href=\"https:\/\/menoua-germany.com\/de\/commissions\/\">\n\t\t\t<i aria-hidden=\"true\" class=\"fas fa-check\"><\/i>\t\t\t<\/a>\n\t\t<\/div>\n\t\t\t\t\t\t<\/div>\n\t\t\t\t<\/div>\n\t\t\t\t<div class=\"elementor-element elementor-element-626df30 elementor-widget elementor-widget-heading\" data-id=\"626df30\" data-element_type=\"widget\" data-e-type=\"widget\" data-widget_type=\"heading.default\">\n\t\t\t\t<div class=\"elementor-widget-container\">\n\t\t\t\t\t<h2 class=\"elementor-heading-title elementor-size-default\"><a href=\"https:\/\/menoua-germany.com\/de\/commissions\/\">Aussch\u00fcsse<\/a><\/h2>\t\t\t\t<\/div>\n\t\t\t\t<\/div>\n\t\t\t\t<div class=\"elementor-element elementor-element-b47e0ec elementor-widget__width-initial elementor-widget elementor-widget-text-editor\" data-id=\"b47e0ec\" data-element_type=\"widget\" data-e-type=\"widget\" data-widget_type=\"text-editor.default\">\n\t\t\t\t<div class=\"elementor-widget-container\">\n\t\t\t\t\t\t\t\t\t<p><span>Die Aussch\u00fcsse sind die Verwaltungsmodule der MCGe.V.. Sie erm\u00f6glichen die Durchf\u00fchrung der internen Sonderveranstaltungen der MCG e.V. und sind somit die tragenden Organe unseres Vereins. <\/span><strong>In diesen Strukturen kann jedes Mitglied aktiv am Vereinsleben der MCG e.V. teilnehmen.<\/strong><span>\u00a0<\/span><\/p><p><a href=\"https:\/\/menoua-germany.com\/de\/commissions\/\">mehr ...<\/a><\/p>\t\t\t\t\t\t\t\t<\/div>\n\t\t\t\t<\/div>\n\t\t\t\t<\/div>\n\t\t<div class=\"elementor-element elementor-element-9594f37 e-con-full e-flex e-con e-child\" data-id=\"9594f37\" data-element_type=\"container\" data-e-type=\"container\">\n\t\t\t\t<div class=\"elementor-element elementor-element-dfe8116 elementor-view-default elementor-widget elementor-widget-icon\" data-id=\"dfe8116\" data-element_type=\"widget\" data-e-type=\"widget\" data-widget_type=\"icon.default\">\n\t\t\t\t<div class=\"elementor-widget-container\">\n\t\t\t\t\t\t\t<div class=\"elementor-icon-wrapper\">\n\t\t\t<a class=\"elementor-icon\" href=\"https:\/\/menoua-germany.com\/de\/nos-regions\/\">\n\t\t\t<i aria-hidden=\"true\" class=\"far fa-registered\"><\/i>\t\t\t<\/a>\n\t\t<\/div>\n\t\t\t\t\t\t<\/div>\n\t\t\t\t<\/div>\n\t\t\t\t<div class=\"elementor-element elementor-element-305e2f5 elementor-widget elementor-widget-heading\" data-id=\"305e2f5\" data-element_type=\"widget\" data-e-type=\"widget\" data-widget_type=\"heading.default\">\n\t\t\t\t<div class=\"elementor-widget-container\">\n\t\t\t\t\t<h2 class=\"elementor-heading-title elementor-size-default\"><a href=\"https:\/\/menoua-germany.com\/de\/nos-regions\/\">Regionen<\/a><\/h2>\t\t\t\t<\/div>\n\t\t\t\t<\/div>\n\t\t\t\t<div class=\"elementor-element elementor-element-436dc24 elementor-widget__width-inherit elementor-widget elementor-widget-text-editor\" data-id=\"436dc24\" data-element_type=\"widget\" data-e-type=\"widget\" data-widget_type=\"text-editor.default\">\n\t\t\t\t<div class=\"elementor-widget-container\">\n\t\t\t\t\t\t\t\t\t<p>Der MCGe.V. organisiert sich regional, um seine Aktivit\u00e4ten besser b\u00fcndeln zu k\u00f6nnen. Die Regionen bilden die Grundlage f\u00fcr eine geografische N\u00e4he, die nicht nur die Begegnungen zwischen den Mitgliedern erleichtern, sondern auch die H\u00e4ufigkeit der Treffen erh\u00f6hen soll.  Nat\u00fcrlich gibt es auch Mitglieder, die keiner Region angeh\u00f6ren, und auch sie sind beim MCge.V. herzlich willkommen.<\/p><p><a href=\"https:\/\/menoua-germany.com\/de\/nos-regions\/\">mehr ...<\/a><\/p>\t\t\t\t\t\t\t\t<\/div>\n\t\t\t\t<\/div>\n\t\t\t\t<\/div>\n\t\t\t\t<\/div>\n\t\t\t\t<\/div>","protected":false},"excerpt":{"rendered":"<p>Historique Ayant vu le jour le 26.06.2011 dans la ville de Luwigshafen en Allemagne, la MCGe.V. d\u00e9bute avec 15 membres dans les r\u00e9gions du Baden-W\u00fcttenberg, Rhein-Main et Bayern. Elle compte aujourd&rsquo;hui plus de 90 membres actifs et sympatisants s&rsquo;\u00e9tendant sur actuellement ces r\u00e9gions (Rhein-Main, Freistaat). Une historique plus d\u00e9taill\u00e9e vous [&hellip;]<\/p>\n","protected":false},"author":1,"featured_media":0,"parent":0,"menu_order":0,"comment_status":"closed","ping_status":"closed","template":"","meta":{"_themeisle_gutenberg_block_has_review":false,"footnotes":""},"class_list":["post-19","page","type-page","status-publish","hentry"],"_links":{"self":[{"href":"https:\/\/menoua-germany.com\/de\/wp-json\/wp\/v2\/pages\/19","targetHints":{"allow":["GET"]}}],"collection":[{"href":"https:\/\/menoua-germany.com\/de\/wp-json\/wp\/v2\/pages"}],"about":[{"href":"https:\/\/menoua-germany.com\/de\/wp-json\/wp\/v2\/types\/page"}],"author":[{"embeddable":true,"href":"https:\/\/menoua-germany.com\/de\/wp-json\/wp\/v2\/users\/1"}],"replies":[{"embeddable":true,"href":"https:\/\/menoua-germany.com\/de\/wp-json\/wp\/v2\/comments?post=19"}],"version-history":[{"count":134,"href":"https:\/\/menoua-germany.com\/de\/wp-json\/wp\/v2\/pages\/19\/revisions"}],"predecessor-version":[{"id":5818,"href":"https:\/\/menoua-germany.com\/de\/wp-json\/wp\/v2\/pages\/19\/revisions\/5818"}],"wp:attachment":[{"href":"https:\/\/menoua-germany.com\/de\/wp-json\/wp\/v2\/media?parent=19"}],"curies":[{"name":"wp","href":"https:\/\/api.w.org\/{rel}","templated":true}]}}