{"id":176,"date":"2023-10-17T14:25:33","date_gmt":"2023-10-17T14:25:33","guid":{"rendered":"https:\/\/test.menoua-germany.com\/?page_id=176"},"modified":"2023-10-24T12:30:39","modified_gmt":"2023-10-24T12:30:39","slug":"universites","status":"publish","type":"page","link":"https:\/\/menoua-germany.com\/de\/liens-importants\/universites","title":{"rendered":"Universit\u00e4ten"},"content":{"rendered":"<p>Diese Rubrik soll vor allem dazu dienen, unsere Besucher \u00fcber Links \u00fcber die verschiedenen Universit\u00e4ten in Kamerun und Deutschland auf dem Laufenden zu halten. <\/p>\n\n\n\n<h2 class=\"wp-block-heading\">I. Universit\u00e4ten in Kamerun<\/h2>\n\n\n\n<p class=\"translation-block\">Da Kamerun in Regionen unterteilt ist, finden Sie unten die Karte von Kamerun mit seinen 10 Regionen. Dieser <a rel=\"noreferrer noopener\" href=\"https:\/\/www.google.com\/maps\/place\/Kamerun\/@7.3470681,7.7860079,6z\/data=!3m1!4b1!4m5!3m4!1s0x10613753703e0f21:0x2b03c44599829b53!8m2!3d7.369722!4d12.354722?hl=de\" target=\"_blank\">Link<\/a>  f\u00fchrt Sie auf die Karte von Kamerun (Maps).<\/p>\n\n\n<div class=\"wp-block-image\">\n<figure class=\"aligncenter size-full is-resized\"><img fetchpriority=\"high\" decoding=\"async\" width=\"564\" height=\"804\" src=\"https:\/\/test.menoua-germany.com\/wp-content\/uploads\/2023\/10\/image.png\" alt=\"\" class=\"wp-image-177\" style=\"aspect-ratio:0.7014925373134329;width:300px;height:auto\" srcset=\"https:\/\/menoua-germany.com\/wp-content\/uploads\/2023\/10\/image.png 564w, https:\/\/menoua-germany.com\/wp-content\/uploads\/2023\/10\/image-210x300.png 210w, https:\/\/menoua-germany.com\/wp-content\/uploads\/2023\/10\/image-8x12.png 8w\" sizes=\"(max-width: 564px) 100vw, 564px\" \/><\/figure>\n<\/div>\n\n\n<p><strong>Dschang\u00a0<\/strong>\u00a0(Westliche Region)<\/p>\n\n\n\n<figure class=\"wp-block-embed is-type-wp-embed is-provider-universite-de-dschang wp-block-embed-universite-de-dschang\"><div class=\"wp-block-embed__wrapper\">\n<blockquote class=\"wp-embedded-content\" data-secret=\"M3YrKDPIRT\"><a href=\"https:\/\/www.univ-dschang.org\/\">Home<\/a><\/blockquote><iframe class=\"wp-embedded-content\" sandbox=\"allow-scripts\" security=\"restricted\" style=\"position: absolute; clip: rect(1px, 1px, 1px, 1px);\" title=\"&quot; Home &quot; - Universit\u00e4t Dschang\" src=\"https:\/\/www.univ-dschang.org\/embed\/#?secret=M3YrKDPIRT\" data-secret=\"M3YrKDPIRT\" width=\"600\" height=\"338\" frameborder=\"0\" marginwidth=\"0\" marginheight=\"0\" scrolling=\"no\"><\/iframe>\n<\/div><\/figure>\n\n\n\n<p><strong>Des Montagnes<\/strong>\u00a0(Westliche Region)<\/p>\n\n\n\n<p><a rel=\"noreferrer noopener\" href=\"http:\/\/www.udm.aed-cm.org\/\" target=\"_blank\">http:\/\/www.udm.aed-cm.org\/<\/a><\/p>\n\n\n\n<p><strong>Douala<\/strong>\u00a0(Region Littoral)<\/p>\n\n\n\n<p><a href=\"https:\/\/www.univ-douala.cm\/\">https:\/\/www.univ-douala.cm\/<\/a><\/p>\n\n\n\n<p><strong>Yaound\u00e9 1<\/strong>\u00a0(Region Centre)<\/p>\n\n\n\n<p><a rel=\"noreferrer noopener\" href=\"http:\/\/www.uy1.uninet.cm\/\" target=\"_blank\">http:\/\/www.uy1.uninet.cm\/<\/a><\/p>\n\n\n\n<p><strong>Yaound\u00e9 2<\/strong>\u00a0(Region Centre)<\/p>\n\n\n\n<figure class=\"wp-block-embed is-type-wp-embed is-provider-universite-de-yaounde-ii-soa wp-block-embed-universite-de-yaounde-ii-soa\"><div class=\"wp-block-embed__wrapper\">\n<blockquote class=\"wp-embedded-content\" data-secret=\"UNodBIGsiS\"><a href=\"https:\/\/www.univ-yaounde2.org\/\">Willkommen an der Universit\u00e4t Yaound\u00e9 II<\/a><\/blockquote><iframe class=\"wp-embedded-content\" sandbox=\"allow-scripts\" security=\"restricted\" style=\"position: absolute; clip: rect(1px, 1px, 1px, 1px);\" title=\"\u00ab\u00a0Bienvenue \u00e0 l&rsquo;Universit\u00e9 de Yaound\u00e9 II\u00a0\u00bb &#8212; Universit\u00e9 de Yaound\u00e9 II - SOA\" src=\"https:\/\/www.univ-yaounde2.org\/embed\/#?secret=FT6QkKd3IZ#?secret=UNodBIGsiS\" data-secret=\"UNodBIGsiS\" width=\"600\" height=\"338\" frameborder=\"0\" marginwidth=\"0\" marginheight=\"0\" scrolling=\"no\"><\/iframe>\n<\/div><\/figure>\n\n\n\n<p><strong>Buea<\/strong>\u00a0(Region S\u00fcdwesten)<\/p>\n\n\n\n<p><a rel=\"noreferrer noopener\" href=\"http:\/\/www.ubuea.cm\/\" target=\"_blank\">http:\/\/www.ubuea.cm\/<\/a><\/p>\n\n\n\n<p><strong>Maroua<\/strong>\u00a0(R\u00e9gion du Extr\u00eam-Nord)<\/p>\n\n\n\n<p><a rel=\"noreferrer noopener\" href=\"http:\/\/www.univ-maroua.cm\/\" target=\"_blank\">http:\/\/www.univ-maroua.cm\/<\/a><\/p>\n\n\n\n<p><strong>Ngaound\u00e9r\u00e9<\/strong>\u00a0(R\u00e9gion de l&rsquo;Adamaoua)<\/p>\n\n\n\n<p><a rel=\"noreferrer noopener\" href=\"http:\/\/www.univ-ndere.cm\/?lang=en\" target=\"_blank\">http:\/\/www.univ-ndere.cm\/?lang=en<\/a><\/p>\n\n\n\n<p><\/p>\n\n\n\n<div id=\"wp-block-themeisle-blocks-advanced-columns-5f380952\" class=\"wp-block-themeisle-blocks-advanced-columns has-1-columns has-desktop-equal-layout has-tablet-equal-layout has-mobile-equal-layout has-vertical-unset\"><div class=\"wp-block-themeisle-blocks-advanced-columns-overlay\"><\/div><div class=\"innerblocks-wrap\">\n<div id=\"wp-block-themeisle-blocks-advanced-column-816d194a\" class=\"wp-block-themeisle-blocks-advanced-column\">\n<h2 class=\"wp-block-heading\">II. Hochschulen in Deutschland (Einige)<\/h2>\n<\/div>\n<\/div><\/div>\n\n\n\n<p>Um sich einen \u00dcberblick \u00fcber die unten aufgelisteten Staaten zu verschaffen, k\u00f6nnen Sie auf diesen Link klicken.\u00a0<a rel=\"noreferrer noopener\" href=\"https:\/\/www.google.com\/maps\/place\/Deutschland\/@51.0895289,5.9580871,6z\/data=!3m1!4b1!4m5!3m4!1s0x479a721ec2b1be6b:0x75e85d6b8e91e55b!8m2!3d51.165691!4d10.451526?hl=de\" target=\"_blank\">Link<\/a> um die St\u00e4dte in den einzelnen Bundesstaaten zu sehen. Dieser Teil soll die Suche nach Universit\u00e4ten f\u00fcr diejenigen erleichtern, die selbst studieren wollen oder nach Voranmeldungen f\u00fcr ihre Verwandten suchen.\u00a0<\/p>\n\n\n\n<p>Liste der Universit\u00e4ten in\u00a0<a rel=\"noreferrer noopener\" href=\"https:\/\/www.google.de\/search?sxsrf=ACYBGNSIwZKefxp2j53sXs2OcgZeJFTEMg%3A1581011366941&amp;ei=plE8XoOBOcH2kwX5mqC4BA&amp;q=universit%C3%A4t+bayern+liste&amp;oq=universit%C3%A4t+bayer&amp;gs_l=psy-ab.1.2.0l4j38j0i22i30j0i22i10i30j0i22i30l3.1713832.1731092..1734438...0.0..0.414.3416.2j13j1j3j1......0....1..gws-wiz.......35i39i19j0i7i30j0i203j0i20i263j35i39.XFNfQDcY7RA\" target=\"_blank\">Bayern<\/a><\/p>\n\n\n\n<p>Liste der Universit\u00e4ten in\u00a0<a rel=\"noreferrer noopener\" href=\"https:\/\/www.google.de\/search?sxsrf=ACYBGNTzu_CRzb6LfFgpcuA4trZv0yIVJQ%3A1581013102711&amp;ei=blg8XvH1KqfjkgWO_bP4Cw&amp;q=universit%C3%A4t+baden-w%C3%BCrttemberg+liste&amp;oq=universit%C3%A4t+baden-w%C3%BCtternberg+liste&amp;gs_l=psy-ab.1.0.33i10.120320.133755..136372...0.3..0.736.4450.5j16j2j2j6-1......0....1..gws-wiz.......0i71j0i7i30.0Ufc1A7dsqU\" target=\"_blank\">Baden-W\u00fcttemberg<\/a>\u00a0<\/p>\n\n\n\n<p>Liste der Universit\u00e4ten in\u00a0<a rel=\"noreferrer noopener\" href=\"https:\/\/www.google.de\/search?sxsrf=ACYBGNTQ37brOfN5P5oyHBhFtvvDj_RXgg%3A1581015192694&amp;source=hp&amp;ei=mGA8XsG3KNKimwWYlKrIDA&amp;q=universit%C3%A4t+rheinland+pfalz&amp;oq=Universit%C3%A4t+rheinland&amp;gs_l=psy-ab.1.0.0j0i22i30j0i22i10i30j0i22i30l4.2496.24678..28015...1.0..2.371.3583.0j16j2j3......0....1..gws-wiz.......0i131j35i39j0i67j0i20i263.ZRZTx0V7zGE\" target=\"_blank\">Rheinland-Pfalz<\/a><\/p>\n\n\n\n<p>Liste der Universit\u00e4ten in\u00a0<a rel=\"noreferrer noopener\" href=\"https:\/\/www.google.de\/search?sxsrf=ACYBGNRCCjOZb0o1lIkmFjVLE8WYA3wVTQ%3A1581015221888&amp;ei=tWA8XuDqNeG71fAP1Nam2As&amp;q=universit%C3%A4t+Berlin&amp;oq=universit%C3%A4t+Berlin&amp;gs_l=psy-ab.3..0l10.69400.73554..74188...0.2..0.352.2658.1j16j0j2......0....1..gws-wiz.......0i71j35i39j0i22i30j0i22i10i30j0i20i263.nPuLvUhY72E&amp;ved=0ahUKEwigmb3VzL3nAhXhXRUIHVSrCbsQ4dUDCAs&amp;uact=5\" target=\"_blank\">der Bundesstaat Berlin<\/a><\/p>\n\n\n\n<p>Liste der Universit\u00e4ten in\u00a0<a rel=\"noreferrer noopener\" href=\"https:\/\/www.google.de\/search?sxsrf=ACYBGNRieLnBdJUyvrPCC03N4cERFk28Eg%3A1581015297377&amp;ei=AWE8XvzYFo-l1fAPvs2AqAo&amp;q=universit%C3%A4t+hessen&amp;oq=universit%C3%A4t+Hes&amp;gs_l=psy-ab.1.0.0l3j0i22i30l7.83273.86310..88456...1.2..0.419.1515.0j9j4-1......0....1..gws-wiz.......0i71j35i39j0i20i263.kAboforNXF4\" target=\"_blank\">Hessen<\/a><\/p>\n\n\n\n<p>Liste der Universit\u00e4ten in\u00a0<a rel=\"noreferrer noopener\" href=\"https:\/\/www.google.de\/search?sxsrf=ACYBGNTzO7p5KuU87pLwEoRLmpygqd-jVA%3A1581015387525&amp;ei=W2E8XtrbH_ir1fAP3tuG2AU&amp;q=universit%C3%A4t+Saarland&amp;oq=universit%C3%A4t+Saarland&amp;gs_l=psy-ab.3..0l10.54410.58593..59842...1.2..0.315.1760.1j12j0j1......0....1..gws-wiz.......0i71j35i39j0i22i30j0i131.yPmbwGLYATo&amp;ved=0ahUKEwia9bqkzb3nAhX4VRUIHd6tAVsQ4dUDCAs&amp;uact=5\" target=\"_blank\">Saarland<\/a><\/p>\n\n\n\n<p>Liste der Universit\u00e4ten in\u00a0<a rel=\"noreferrer noopener\" href=\"https:\/\/www.google.de\/search?sxsrf=ACYBGNSRoO2hC3zmYDAAPa7wufgHzTdkIw%3A1581015449397&amp;ei=mWE8XvDzF6Si1fAP252suAk&amp;q=universit%C3%A4t+nordrhein-westfalen&amp;oq=universit%C3%A4t+nordrhein&amp;gs_l=psy-ab.1.0.0j0i22i30l5j0i22i10i30.53060.59011..61072...0.2..0.299.2429.5j9j3......0....1..gws-wiz.......0i71j35i39j0i131j0i20i263.s9yaeKjiqVc\" target=\"_blank\">Nordrhein-Westfalen\u00a0<\/a><\/p>","protected":false},"excerpt":{"rendered":"<p>Cette rubrique a pour objectif principal de tenir gr\u00e2ce \u00e0 des liens, nos visiteurs inform\u00e9s des differentes universit\u00e9s qui existent aussi bien au Cameroun qu&rsquo;en Allemagne. I. Universit\u00e9s au Cameroun Le Cameroun \u00e9tant subdivis\u00e9 en r\u00e9gion, vous trouverez ci-dessous la carte du Cameroun avec ses 10 r\u00e9gions. Ce\u00a0lien vous conduira [&hellip;]<\/p>\n","protected":false},"author":1,"featured_media":0,"parent":24,"menu_order":0,"comment_status":"closed","ping_status":"closed","template":"","meta":{"_themeisle_gutenberg_block_has_review":false,"footnotes":""},"class_list":["post-176","page","type-page","status-publish","hentry"],"_links":{"self":[{"href":"https:\/\/menoua-germany.com\/de\/wp-json\/wp\/v2\/pages\/176","targetHints":{"allow":["GET"]}}],"collection":[{"href":"https:\/\/menoua-germany.com\/de\/wp-json\/wp\/v2\/pages"}],"about":[{"href":"https:\/\/menoua-germany.com\/de\/wp-json\/wp\/v2\/types\/page"}],"author":[{"embeddable":true,"href":"https:\/\/menoua-germany.com\/de\/wp-json\/wp\/v2\/users\/1"}],"replies":[{"embeddable":true,"href":"https:\/\/menoua-germany.com\/de\/wp-json\/wp\/v2\/comments?post=176"}],"version-history":[{"count":4,"href":"https:\/\/menoua-germany.com\/de\/wp-json\/wp\/v2\/pages\/176\/revisions"}],"predecessor-version":[{"id":186,"href":"https:\/\/menoua-germany.com\/de\/wp-json\/wp\/v2\/pages\/176\/revisions\/186"}],"up":[{"embeddable":true,"href":"https:\/\/menoua-germany.com\/de\/wp-json\/wp\/v2\/pages\/24"}],"wp:attachment":[{"href":"https:\/\/menoua-germany.com\/de\/wp-json\/wp\/v2\/media?parent=176"}],"curies":[{"name":"wp","href":"https:\/\/api.w.org\/{rel}","templated":true}]}}