{"id":170,"date":"2023-10-17T14:09:02","date_gmt":"2023-10-17T14:09:02","guid":{"rendered":"https:\/\/test.menoua-germany.com\/?page_id=170"},"modified":"2023-10-24T12:30:26","modified_gmt":"2023-10-24T12:30:26","slug":"associations-menoua","status":"publish","type":"page","link":"https:\/\/menoua-germany.com\/de\/liens-importants\/associations-menoua","title":{"rendered":"Menoua-Vereinigungen"},"content":{"rendered":"<p>Die MCG e.V. m\u00f6chte hier in ihrem Bestreben, sich zu \u00f6ffnen und zu vereinen, einige Abk\u00fcrzungen der Internetlinks anderer Menua-Vereine im Ausland und in Kamerun mitteilen.<\/p>\n\n\n\n<ul class=\"wp-block-list\">\n<li><a href=\"http:\/\/www.yembacanada.org\/\" data-type=\"link\" data-id=\"http:\/\/www.yembacanada.org\/\">Yemba Canada<\/a><\/li>\n\n\n\n<li><a href=\"http:\/\/www.bafou.org\" data-type=\"link\" data-id=\"http:\/\/www.bafou.org\">Bafou.org<\/a><\/li>\n\n\n\n<li><a href=\"https:\/\/www.facebook.com\/MendzongBafouAllemagne\/\" data-type=\"link\" data-id=\"https:\/\/www.facebook.com\/MendzongBafouAllemagne\/\">Mendzong Bafou en Allemagne<\/a><\/li>\n\n\n\n<li><a href=\"https:\/\/kwaala.net\/calendrier-yemba\/\" data-type=\"link\" data-id=\"https:\/\/kwaala.net\/calendrier-yemba\/\">KWA&rsquo;ALA&rsquo;<\/a><\/li>\n\n\n\n<li><a href=\"https:\/\/www.lenang.org\/\" data-type=\"link\" data-id=\"https:\/\/www.lenang.org\/\">California Menoua Association<\/a><\/li>\n\n\n\n<li><a href=\"https:\/\/www.facebook.com\/people\/Association-Menoua-Suisse\/100064712468018\/\" data-type=\"link\" data-id=\"https:\/\/www.facebook.com\/people\/Association-Menoua-Suisse\/100064712468018\/\">Association Menoua Suisse<\/a><\/li>\n\n\n\n<li><\/li>\n<\/ul>","protected":false},"excerpt":{"rendered":"<p>Die MCG e.V. m\u00f6chte hier in ihrem Bestreben, sich zu \u00f6ffnen und zu vereinen, einige Abk\u00fcrzungen der Internetlinks anderer Menua-Vereine im Ausland und in Kamerun mitteilen.<\/p>","protected":false},"author":1,"featured_media":0,"parent":24,"menu_order":0,"comment_status":"closed","ping_status":"closed","template":"","meta":{"_themeisle_gutenberg_block_has_review":false,"footnotes":""},"class_list":["post-170","page","type-page","status-publish","hentry"],"_links":{"self":[{"href":"https:\/\/menoua-germany.com\/de\/wp-json\/wp\/v2\/pages\/170","targetHints":{"allow":["GET"]}}],"collection":[{"href":"https:\/\/menoua-germany.com\/de\/wp-json\/wp\/v2\/pages"}],"about":[{"href":"https:\/\/menoua-germany.com\/de\/wp-json\/wp\/v2\/types\/page"}],"author":[{"embeddable":true,"href":"https:\/\/menoua-germany.com\/de\/wp-json\/wp\/v2\/users\/1"}],"replies":[{"embeddable":true,"href":"https:\/\/menoua-germany.com\/de\/wp-json\/wp\/v2\/comments?post=170"}],"version-history":[{"count":1,"href":"https:\/\/menoua-germany.com\/de\/wp-json\/wp\/v2\/pages\/170\/revisions"}],"predecessor-version":[{"id":172,"href":"https:\/\/menoua-germany.com\/de\/wp-json\/wp\/v2\/pages\/170\/revisions\/172"}],"up":[{"embeddable":true,"href":"https:\/\/menoua-germany.com\/de\/wp-json\/wp\/v2\/pages\/24"}],"wp:attachment":[{"href":"https:\/\/menoua-germany.com\/de\/wp-json\/wp\/v2\/media?parent=170"}],"curies":[{"name":"wp","href":"https:\/\/api.w.org\/{rel}","templated":true}]}}